{"id":178,"date":"2014-01-14T12:55:47","date_gmt":"2014-01-14T12:55:47","guid":{"rendered":"http:\/\/papiere.lkz.bplaced.net\/?page_id=178"},"modified":"2014-07-09T14:09:40","modified_gmt":"2014-07-09T14:09:40","slug":"standard-weises-inkjet-papier-90gr","status":"publish","type":"page","link":"http:\/\/papier.papiere.de\/?page_id=178","title":{"rendered":"Standard-wei\u00dfes Inkjet-Papier 90gr."},"content":{"rendered":"<h1>Plotterpapiere (unbeschichtet)<\/h1>\n<p style=\"padding-left: 30px;\"><a title=\"Standard-wei\u00dfes Inkjet-Papier 80gr.\" href=\"http:\/\/papier.papiere.de\/?page_id=176\">Standard-wei\u00dfes Inkjet-Papier 80gr.<\/a><br \/>\n<a title=\"Standard-hochwei\u00dfes Inkjet-Papier 85gr.\" href=\"http:\/\/papier.papiere.de\/?page_id=771\">Standard-hochwei\u00dfes Inkjet-Papier 85gr.<\/a><br \/>\n<em><strong><a title=\"Standard-wei\u00dfes Inkjet-Papier 90gr.\" href=\"http:\/\/papier.papiere.de\/?page_id=178\"> Standard-wei\u00dfes Inkjet-Papier 90gr.<\/a><\/strong><\/em><br \/>\n<a title=\"Standard-hochwei\u00dfes Inkjet-Papier 90gr.\" href=\"http:\/\/papier.papiere.de\/?page_id=180\"> Standard-hochwei\u00dfes Inkjet-Papier 90gr.<\/a><\/p>\n<p>&nbsp;<\/p>\n<h2><\/h2>\n<h2>Standard-wei\u00dfes Inkjet-Papier 90gr.<\/h2>\n<p>unbeschichtet f\u00fcr s\/w- und Farblinienplots; hohe Aufl\u00f6sung, gute Tintentrocknung sind gew\u00e4hrleistet; sehr guter Kontrast durch feine Oberfl\u00e4che.<\/p>\n<table border=\"0\">\n<tbody>\n<tr>\n<th bgcolor=\"#ccc\">Gewicht<\/th>\n<th bgcolor=\"#ccc\">Format\/Norm<\/th>\n<th bgcolor=\"#ccc\">Breite (cm)<\/th>\n<th bgcolor=\"#ccc\">L\u00e4nge\/RII. (m)<\/th>\n<th bgcolor=\"#ccc\">Best-Nr.<\/th>\n<\/tr>\n<tr bgcolor=\"#99CCFF\">\n<td>90g<\/td>\n<td><\/td>\n<td>29,7<\/td>\n<td>120<\/td>\n<td>40801230<\/td>\n<\/tr>\n<tr bgcolor=\"#CCFFFF\">\n<td>90g<\/td>\n<td><\/td>\n<td>30,0<\/td>\n<td>50<\/td>\n<td>409030<\/td>\n<\/tr>\n<tr bgcolor=\"#99CCFF\">\n<td>90g<\/td>\n<td><\/td>\n<td>42,0<\/td>\n<td>50<\/td>\n<td>409042<\/td>\n<\/tr>\n<tr bgcolor=\"#CCFFFF\">\n<td>90g<\/td>\n<td><\/td>\n<td>42,0<\/td>\n<td>120<\/td>\n<td>40801242<\/td>\n<\/tr>\n<tr bgcolor=\"#99CCFF\">\n<td>90g<\/td>\n<td><\/td>\n<td>45,0<\/td>\n<td>50<\/td>\n<td>409045<\/td>\n<\/tr>\n<tr bgcolor=\"#F1f1f1\">\n<td style=\"background-color: #ffffff;\" colspan=\"5\"><\/td>\n<\/tr>\n<tr>\n<th bgcolor=\"#ccc\">Gewicht<\/th>\n<th bgcolor=\"#ccc\">Format\/Norm<\/th>\n<th bgcolor=\"#ccc\">Breite (cm)<\/th>\n<th bgcolor=\"#ccc\">L\u00e4nge\/RII. (m)<\/th>\n<th bgcolor=\"#ccc\">Best-Nr.<\/th>\n<\/tr>\n<tr bgcolor=\"#CCFFFF\">\n<td>90g<\/td>\n<td><\/td>\n<td>59,4<\/td>\n<td>50<\/td>\n<td>406059<\/td>\n<\/tr>\n<tr bgcolor=\"#99CCFF\">\n<td>90g<\/td>\n<td><\/td>\n<td>59,4<\/td>\n<td>120<\/td>\n<td>40801260<\/td>\n<\/tr>\n<tr bgcolor=\"#CCFFFF\">\n<td>90g<\/td>\n<td>24&#8243;<\/td>\n<td>61,0<\/td>\n<td>50<\/td>\n<td>409061<\/td>\n<\/tr>\n<tr bgcolor=\"#99CCFF\">\n<td>90g<\/td>\n<td>24&#8243;<\/td>\n<td>61,0<\/td>\n<td>90<\/td>\n<td>40906190<\/td>\n<\/tr>\n<tr bgcolor=\"#CCFFFF\">\n<td>90g<\/td>\n<td>24&#8243;<\/td>\n<td>61,0<\/td>\n<td>100<\/td>\n<td>40906110<\/td>\n<\/tr>\n<tr bgcolor=\"#F1f1f1\">\n<td style=\"background-color: #ffffff;\" colspan=\"5\"><\/td>\n<\/tr>\n<tr>\n<th bgcolor=\"#ccc\">Gewicht<\/th>\n<th bgcolor=\"#ccc\">Format\/Norm<\/th>\n<th bgcolor=\"#ccc\">Breite (cm)<\/th>\n<th bgcolor=\"#ccc\">L\u00e4nge\/RII. (m)<\/th>\n<th bgcolor=\"#ccc\">Best-Nr.<\/th>\n<\/tr>\n<tr bgcolor=\"#99CCFF\">\n<td>90g<\/td>\n<td><\/td>\n<td>84,1<\/td>\n<td>50<\/td>\n<td>409084<\/td>\n<\/tr>\n<tr bgcolor=\"#CCFFFF\">\n<td>90g<\/td>\n<td><\/td>\n<td>84,1<\/td>\n<td>120<\/td>\n<td>40801284<\/td>\n<\/tr>\n<tr bgcolor=\"#99CCFF\">\n<td>90g<\/td>\n<td>36&#8243;<\/td>\n<td>91,4<\/td>\n<td>50<\/td>\n<td>409050<\/td>\n<\/tr>\n<tr bgcolor=\"#CCFFFF\">\n<td>90g<\/td>\n<td>36&#8243;<\/td>\n<td>91,4<\/td>\n<td>90<\/td>\n<td>409090<\/td>\n<\/tr>\n<tr bgcolor=\"#99CCFF\">\n<td>90g<\/td>\n<td>36&#8243;<\/td>\n<td>91,4<\/td>\n<td>120<\/td>\n<td>40801292<\/td>\n<\/tr>\n<tr bgcolor=\"#CCFFFF\">\n<td>90g<\/td>\n<td>36&#8243;<\/td>\n<td>91,4<\/td>\n<td>100<\/td>\n<td>409010<\/td>\n<\/tr>\n<tr bgcolor=\"#99CCFF\">\n<td>90g<\/td>\n<td>36&#8243;<\/td>\n<td>91,4<\/td>\n<td>150<\/td>\n<td>4090150<\/td>\n<\/tr>\n<tr bgcolor=\"#F1f1f1\">\n<td style=\"background-color: #ffffff;\" colspan=\"5\"><\/td>\n<\/tr>\n<tr>\n<th bgcolor=\"#ccc\">Gewicht<\/th>\n<th bgcolor=\"#ccc\">Format\/Norm<\/th>\n<th bgcolor=\"#ccc\">Breite (cm)<\/th>\n<th bgcolor=\"#ccc\">L\u00e4nge\/RII. (m)<\/th>\n<th bgcolor=\"#ccc\">Best-Nr.<\/th>\n<\/tr>\n<tr bgcolor=\"#CCFFFF\">\n<td>90g<\/td>\n<td>42&#8243;<\/td>\n<td>106,7<\/td>\n<td>50<\/td>\n<td>25309010169<\/td>\n<\/tr>\n<tr bgcolor=\"#99CCFF\">\n<td>90g<\/td>\n<td>42&#8243;<\/td>\n<td>106,7<\/td>\n<td>90<\/td>\n<td>40919010<\/td>\n<\/tr>\n<tr bgcolor=\"#CCFFFF\">\n<td>90g<\/td>\n<td>44&#8243;<\/td>\n<td>111,8<\/td>\n<td>50<\/td>\n<td>40805012<\/td>\n<\/tr>\n<tr bgcolor=\"#99CCFF\">\n<td>90g<\/td>\n<td>50&#8243;<\/td>\n<td>127,0<\/td>\n<td>50<\/td>\n<td>40915013<\/td>\n<\/tr>\n<tr bgcolor=\"#CCFFFF\">\n<td>90g<\/td>\n<td>54&#8243;<\/td>\n<td>137,2<\/td>\n<td>50<\/td>\n<td>40915014<\/td>\n<\/tr>\n<tr bgcolor=\"#99CCFF\">\n<td>90g<\/td>\n<td>60&#8243;<\/td>\n<td>152,4<\/td>\n<td>50<\/td>\n<td>40905015<\/td>\n<\/tr>\n<tr bgcolor=\"#F1f1f1\">\n<td style=\"background-color: #ffffff;\" colspan=\"5\"><\/td>\n<\/tr>\n<tr>\n<th bgcolor=\"#ccc\">Gewicht<\/th>\n<th bgcolor=\"#ccc\">Format\/Norm<\/th>\n<th bgcolor=\"#ccc\">Breite (cm)<\/th>\n<th bgcolor=\"#ccc\">L\u00e4nge (Cm)<\/th>\n<th bgcolor=\"#ccc\">Best-Nr.<\/th>\n<\/tr>\n<tr bgcolor=\"#CCFFFF\">\n<td>90g<\/td>\n<td>A4<\/td>\n<td>21,0<\/td>\n<td>29,7<\/td>\n<td>40903021<\/td>\n<\/tr>\n<tr bgcolor=\"#99CCFF\">\n<td>90g<\/td>\n<td>A4+<\/td>\n<td>24,0<\/td>\n<td>33,0<\/td>\n<td>40903324<\/td>\n<\/tr>\n<tr bgcolor=\"#CCFFFF\">\n<td>90g<\/td>\n<td>A3<\/td>\n<td>29,7<\/td>\n<td>42,0<\/td>\n<td>40904230<\/td>\n<\/tr>\n<tr bgcolor=\"#99CCFF\">\n<td>90g<\/td>\n<td>A3+<\/td>\n<td>33,0<\/td>\n<td>45,0<\/td>\n<td>40904533<\/td>\n<\/tr>\n<tr bgcolor=\"#CCFFFF\">\n<td>90g<\/td>\n<td>A2<\/td>\n<td>42,0<\/td>\n<td>59,4<\/td>\n<td>40906042<\/td>\n<\/tr>\n<tr bgcolor=\"#99CCFF\">\n<td>90g<\/td>\n<td>A2+<\/td>\n<td>45,0<\/td>\n<td>62,5<\/td>\n<td>40906345<\/td>\n<\/tr>\n<tr bgcolor=\"#CCFFFF\">\n<td>90g<\/td>\n<td>A1<\/td>\n<td>59,4<\/td>\n<td>84,1<\/td>\n<td>40908460<\/td>\n<\/tr>\n<tr bgcolor=\"#99CCFF\">\n<td>90g<\/td>\n<td>A1+<\/td>\n<td>62,5<\/td>\n<td>88,0<\/td>\n<td>40908863<\/td>\n<\/tr>\n<tr bgcolor=\"#CCFFFF\">\n<td>90g<\/td>\n<td>A0<\/td>\n<td>84,1<\/td>\n<td>118,9<\/td>\n<td>40901284<\/td>\n<\/tr>\n<tr bgcolor=\"#99CCFF\">\n<td>90g<\/td>\n<td>A0+<\/td>\n<td>88,0<\/td>\n<td>123,0<\/td>\n<td>40901288<\/td>\n<\/tr>\n<\/tbody>\n<\/table>\n<p><a name=\"Standardhochwei\u00dfesInkjetPapier90gr\"><\/a><\/p>\n","protected":false},"excerpt":{"rendered":"<p>Plotterpapiere (unbeschichtet) Standard-wei\u00dfes Inkjet-Papier 80gr. Standard-hochwei\u00dfes Inkjet-Papier 85gr. Standard-wei\u00dfes Inkjet-Papier 90gr. Standard-hochwei\u00dfes Inkjet-Papier 90gr. &nbsp; Standard-wei\u00dfes Inkjet-Papier 90gr. unbeschichtet f\u00fcr s\/w- und Farblinienplots; hohe Aufl\u00f6sung, gute Tintentrocknung sind gew\u00e4hrleistet; sehr guter Kontrast durch feine Oberfl\u00e4che. Gewicht Format\/Norm Breite (cm) L\u00e4nge\/RII. &hellip; <a href=\"http:\/\/papier.papiere.de\/?page_id=178\">Weiterlesen <span class=\"meta-nav\">&rarr;<\/span><\/a><\/p>\n","protected":false},"author":1,"featured_media":0,"parent":50,"menu_order":0,"comment_status":"closed","ping_status":"open","template":"","meta":[],"_links":{"self":[{"href":"http:\/\/papier.papiere.de\/index.php?rest_route=\/wp\/v2\/pages\/178"}],"collection":[{"href":"http:\/\/papier.papiere.de\/index.php?rest_route=\/wp\/v2\/pages"}],"about":[{"href":"http:\/\/papier.papiere.de\/index.php?rest_route=\/wp\/v2\/types\/page"}],"author":[{"embeddable":true,"href":"http:\/\/papier.papiere.de\/index.php?rest_route=\/wp\/v2\/users\/1"}],"replies":[{"embeddable":true,"href":"http:\/\/papier.papiere.de\/index.php?rest_route=%2Fwp%2Fv2%2Fcomments&post=178"}],"version-history":[{"count":10,"href":"http:\/\/papier.papiere.de\/index.php?rest_route=\/wp\/v2\/pages\/178\/revisions"}],"predecessor-version":[{"id":817,"href":"http:\/\/papier.papiere.de\/index.php?rest_route=\/wp\/v2\/pages\/178\/revisions\/817"}],"up":[{"embeddable":true,"href":"http:\/\/papier.papiere.de\/index.php?rest_route=\/wp\/v2\/pages\/50"}],"wp:attachment":[{"href":"http:\/\/papier.papiere.de\/index.php?rest_route=%2Fwp%2Fv2%2Fmedia&parent=178"}],"curies":[{"name":"wp","href":"https:\/\/api.w.org\/{rel}","templated":true}]}}