{"id":180,"date":"2014-01-14T12:56:29","date_gmt":"2014-01-14T12:56:29","guid":{"rendered":"http:\/\/papiere.lkz.bplaced.net\/?page_id=180"},"modified":"2014-03-20T15:21:51","modified_gmt":"2014-03-20T15:21:51","slug":"standard-hochweises-inkjet-papier-90gr","status":"publish","type":"page","link":"http:\/\/papier.papiere.de\/?page_id=180","title":{"rendered":"Standard-hochwei\u00dfes Inkjet-Papier 90gr."},"content":{"rendered":"<h1>Plotterpapiere (unbeschichtet)<\/h1>\n<p style=\"padding-left: 30px;\"><a title=\"Standard-wei\u00dfes Inkjet-Papier 80gr.\" href=\"http:\/\/papier.papiere.de\/?page_id=176\">Standard-wei\u00dfes Inkjet-Papier 80gr.<\/a><br \/>\n<a title=\"Standard-hochwei\u00dfes Inkjet-Papier 85gr.\" href=\"http:\/\/papier.papiere.de\/?page_id=771\">Standard-hochwei\u00dfes Inkjet-Papier 85gr.<\/a><br \/>\n<a title=\"Standard-wei\u00dfes Inkjet-Papier 90gr.\" href=\"http:\/\/papier.papiere.de\/?page_id=178\"> Standard-wei\u00dfes Inkjet-Papier 90gr.<\/a><br \/>\n<em><strong><a title=\"Standard-hochwei\u00dfes Inkjet-Papier 90gr.\" href=\"http:\/\/papier.papiere.de\/?page_id=180\"> Standard-hochwei\u00dfes Inkjet-Papier 90gr.<\/a><\/strong><\/em><\/p>\n<p>&nbsp;<\/p>\n<h1>Standard-hochwei\u00dfes Inkjet-Papier 90gr.<\/h1>\n<p>unbeschichtet f\u00fcr Monochrom- und Farblinienplots mit hoher Aufl\u00f6sung und gutem Kontrast; wischfest, wasserunempfindlich, schnelltrocknend (sehr griffig).<\/p>\n<table border=\"0\">\n<tbody>\n<tr>\n<th bgcolor=\"#ccc\">Gewicht<\/th>\n<th bgcolor=\"#ccc\">Format\/Norm<\/th>\n<th bgcolor=\"#ccc\">Breite (cm)<\/th>\n<th bgcolor=\"#ccc\">L\u00e4nge\/RII. (m)<\/th>\n<th bgcolor=\"#ccc\">Best-Nr.<\/th>\n<\/tr>\n<tr bgcolor=\"#99CCFF\">\n<td>90g<\/td>\n<td><\/td>\n<td>30,0<\/td>\n<td>50<\/td>\n<td>40605230<\/td>\n<\/tr>\n<tr bgcolor=\"#CCFFFF\">\n<td>90g<\/td>\n<td><\/td>\n<td>42,0<\/td>\n<td>50<\/td>\n<td>40605242<\/td>\n<\/tr>\n<tr bgcolor=\"#99CCFF\">\n<td>90g<\/td>\n<td><\/td>\n<td>45,0<\/td>\n<td>50<\/td>\n<td>40605245<\/td>\n<\/tr>\n<tr bgcolor=\"#CCFFFF\">\n<td>90g<\/td>\n<td>24&#8243;<\/td>\n<td>61,0<\/td>\n<td>50<\/td>\n<td>40605261<\/td>\n<\/tr>\n<tr bgcolor=\"#99CCFF\">\n<td>90g<\/td>\n<td>24&#8243;<\/td>\n<td>61,0<\/td>\n<td>90<\/td>\n<td>4060526190<\/td>\n<\/tr>\n<tr bgcolor=\"#CCFFFF\">\n<td>90g<\/td>\n<td>36&#8243;<\/td>\n<td>91,4<\/td>\n<td>50<\/td>\n<td>406052<\/td>\n<\/tr>\n<tr bgcolor=\"#99CCFF\">\n<td>90g<\/td>\n<td>36&#8243;<\/td>\n<td>91,4<\/td>\n<td>90<\/td>\n<td>40605290<\/td>\n<\/tr>\n<\/tbody>\n<\/table>\n<p><\/p>\n","protected":false},"excerpt":{"rendered":"<p>Plotterpapiere (unbeschichtet) Standard-wei\u00dfes Inkjet-Papier 80gr. Standard-hochwei\u00dfes Inkjet-Papier 85gr. Standard-wei\u00dfes Inkjet-Papier 90gr. Standard-hochwei\u00dfes Inkjet-Papier 90gr. &nbsp; Standard-hochwei\u00dfes Inkjet-Papier 90gr. unbeschichtet f\u00fcr Monochrom- und Farblinienplots mit hoher Aufl\u00f6sung und gutem Kontrast; wischfest, wasserunempfindlich, schnelltrocknend (sehr griffig). Gewicht Format\/Norm Breite (cm) L\u00e4nge\/RII. (m) &hellip; <a href=\"http:\/\/papier.papiere.de\/?page_id=180\">Weiterlesen <span class=\"meta-nav\">&rarr;<\/span><\/a><\/p>\n","protected":false},"author":1,"featured_media":0,"parent":50,"menu_order":0,"comment_status":"closed","ping_status":"open","template":"","meta":[],"_links":{"self":[{"href":"http:\/\/papier.papiere.de\/index.php?rest_route=\/wp\/v2\/pages\/180"}],"collection":[{"href":"http:\/\/papier.papiere.de\/index.php?rest_route=\/wp\/v2\/pages"}],"about":[{"href":"http:\/\/papier.papiere.de\/index.php?rest_route=\/wp\/v2\/types\/page"}],"author":[{"embeddable":true,"href":"http:\/\/papier.papiere.de\/index.php?rest_route=\/wp\/v2\/users\/1"}],"replies":[{"embeddable":true,"href":"http:\/\/papier.papiere.de\/index.php?rest_route=%2Fwp%2Fv2%2Fcomments&post=180"}],"version-history":[{"count":3,"href":"http:\/\/papier.papiere.de\/index.php?rest_route=\/wp\/v2\/pages\/180\/revisions"}],"predecessor-version":[{"id":778,"href":"http:\/\/papier.papiere.de\/index.php?rest_route=\/wp\/v2\/pages\/180\/revisions\/778"}],"up":[{"embeddable":true,"href":"http:\/\/papier.papiere.de\/index.php?rest_route=\/wp\/v2\/pages\/50"}],"wp:attachment":[{"href":"http:\/\/papier.papiere.de\/index.php?rest_route=%2Fwp%2Fv2%2Fmedia&parent=180"}],"curies":[{"name":"wp","href":"https:\/\/api.w.org\/{rel}","templated":true}]}}