{"id":194,"date":"2014-01-14T13:06:30","date_gmt":"2014-01-14T13:06:30","guid":{"rendered":"http:\/\/papiere.lkz.bplaced.net\/?page_id=194"},"modified":"2015-12-09T15:13:22","modified_gmt":"2015-12-09T15:13:22","slug":"gepudertes-inkjet-papier","status":"publish","type":"page","link":"http:\/\/papier.papiere.de\/?page_id=194","title":{"rendered":"Gepudertes Inkjet-Papier"},"content":{"rendered":"<h1>Beschichtete Plotterpapiere<\/h1>\n<p style=\"padding-left: 30px;\"><em><strong><span style=\"color: #000000;\"><a title=\"Gepudertes Inkjet-Papier\" href=\"http:\/\/papier.papiere.de\/?page_id=194\"><span style=\"color: #000000;\">Gepudertes Inkjet-Papier<\/span><\/a><\/span><\/strong><\/em><br \/>\n<span style=\"color: #000000;\"> <a title=\"Gestrichenes Inkjet-Papier (einfach gestrichen)\" href=\"http:\/\/papier.papiere.de\/?page_id=197\"><span style=\"color: #000000;\">Gestrichenes Inkjet-Papier (einfach gestrichen)<\/span><\/a><\/span><br \/>\n<span style=\"color: #000000;\"> <a title=\"Gestrichenes Inkjet-Papier 90gr. (doppelseitig gestrichen)\" href=\"http:\/\/papier.papiere.de\/?page_id=200\"><span style=\"color: #000000;\">Gestrichenes Inkjet-Papier 90gr. (doppelseitig gestrichen)<\/span><\/a><\/span><br \/>\n<span style=\"color: #000000;\"> <a title=\"Gestrichenes Inkjet-Papier (hochaufl\u00f6send) 105gr.\" href=\"http:\/\/papier.papiere.de\/?page_id=203\"><span style=\"color: #000000;\">Gestrichenes Inkjet-Papier (hochaufl\u00f6send) 105gr.<\/span><\/a><\/span><br \/>\n<span style=\"color: #000000;\"> <a title=\"Schweres gestrichenes Inkjet-Papier 120gr.\" href=\"http:\/\/papier.papiere.de\/?page_id=207\"><span style=\"color: #000000;\">Schweres gestrichenes Inkjet-Papier 120gr.<\/span><\/a><\/span><br \/>\n<span style=\"color: #000000;\"> <a title=\"Schweres gestrichenes Inkjet-Papier 135gr.\" href=\"http:\/\/papier.papiere.de\/?page_id=210\"><span style=\"color: #000000;\">Schweres gestrichenes Inkjet-Papier 135gr.<\/span><\/a><\/span><br \/>\n<span style=\"color: #000000;\"> <a title=\"Schweres gestrichenes Papier 170gr. (Posterpapier)\" href=\"http:\/\/papier.papiere.de\/?page_id=213\"><span style=\"color: #000000;\">Schweres gestrichenes Papier 170gr. (Posterpapier)<\/span><\/a><\/span><\/p>\n<h2><\/h2>\n<h2>Gepudertes Inkjet-Papier<\/h2>\n<p>color wei\u00df-beschichtet f\u00fcr CAD-Farbfl\u00e4chenplots, hohe Aufl\u00f6sung, gute Tintentrocknung sind optimal gew\u00e4hrleistet (g\u00fcnstige Alternative zu gestrichenem Papier).<\/p>\n<table border=\"0\">\n<tbody>\n<tr>\n<th bgcolor=\"#ccc\">Gewicht<\/th>\n<th bgcolor=\"#ccc\">Format\/Norm<\/th>\n<th bgcolor=\"#ccc\">Breite (cm)<\/th>\n<th bgcolor=\"#ccc\">L\u00e4nge\/RII. (m)<\/th>\n<th bgcolor=\"#ccc\">Best-Nr.<\/th>\n<\/tr>\n<tr bgcolor=\"#99CCFF\">\n<td>90g<\/td>\n<td><\/td>\n<td>42,0<\/td>\n<td>50<\/td>\n<td>465042ck<\/td>\n<\/tr>\n<tr bgcolor=\"#CCFFFF\">\n<td>90g<\/td>\n<td>24&#8243;<\/td>\n<td>61,0<\/td>\n<td>50<\/td>\n<td>465061ck<\/td>\n<\/tr>\n<tr bgcolor=\"#99CCFF\">\n<td>90g<\/td>\n<td>24&#8243;<\/td>\n<td>61,0<\/td>\n<td>90<\/td>\n<td>469061ck<\/td>\n<\/tr>\n<tr bgcolor=\"#CCFFFF\">\n<td>90g<\/td>\n<td>24&#8243;<\/td>\n<td>61,0<\/td>\n<td>100<\/td>\n<td>461061ck<\/td>\n<\/tr>\n<tr bgcolor=\"#99CCFF\">\n<td>90g<\/td>\n<td>24&#8243;<\/td>\n<td>61,0<\/td>\n<td>150<\/td>\n<td>461561ck<\/td>\n<\/tr>\n<tr bgcolor=\"#F1f1f1\">\n<td style=\"background-color: #ffffff;\" colspan=\"5\"><\/td>\n<\/tr>\n<tr>\n<th bgcolor=\"#ccc\">Gewicht<\/th>\n<th bgcolor=\"#ccc\">Format\/Norm<\/th>\n<th bgcolor=\"#ccc\">Breite (cm)<\/th>\n<th bgcolor=\"#ccc\">L\u00e4nge\/RII. (m)<\/th>\n<th bgcolor=\"#ccc\">Best-Nr.<\/th>\n<\/tr>\n<tr bgcolor=\"#CCFFFF\">\n<td>90g<\/td>\n<td><\/td>\n<td>84,1<\/td>\n<td>50<\/td>\n<td>465084ck<\/td>\n<\/tr>\n<tr bgcolor=\"#99CCFF\">\n<td>90g<\/td>\n<td>36&#8243;<\/td>\n<td>91,4<\/td>\n<td>50<\/td>\n<td>465091ck<\/td>\n<\/tr>\n<tr bgcolor=\"#CCFFFF\">\n<td>90g<\/td>\n<td>36<\/td>\n<td>91,4<\/td>\n<td>90<\/td>\n<td>469091ck<\/td>\n<\/tr>\n<tr bgcolor=\"#99CCFF\">\n<td>90g<\/td>\n<td>36&#8243;<\/td>\n<td>91,4<\/td>\n<td>100<\/td>\n<td>461091ck<\/td>\n<\/tr>\n<tr bgcolor=\"#CCFFFF\">\n<td>90g<\/td>\n<td>36&#8243;<\/td>\n<td>91,4<\/td>\n<td>150<\/td>\n<td>461591ck<\/td>\n<\/tr>\n<tr bgcolor=\"#99CCFF\">\n<td>90g<\/td>\n<td>42&#8243;<\/td>\n<td>106,7<\/td>\n<td>50<\/td>\n<td>465010ck<\/td>\n<\/tr>\n<\/tbody>\n<\/table>\n<p><\/p>\n","protected":false},"excerpt":{"rendered":"<p>Beschichtete Plotterpapiere Gepudertes Inkjet-Papier Gestrichenes Inkjet-Papier (einfach gestrichen) Gestrichenes Inkjet-Papier 90gr. (doppelseitig gestrichen) Gestrichenes Inkjet-Papier (hochaufl\u00f6send) 105gr. Schweres gestrichenes Inkjet-Papier 120gr. Schweres gestrichenes Inkjet-Papier 135gr. Schweres gestrichenes Papier 170gr. (Posterpapier) Gepudertes Inkjet-Papier color wei\u00df-beschichtet f\u00fcr CAD-Farbfl\u00e4chenplots, hohe Aufl\u00f6sung, gute Tintentrocknung &hellip; <a href=\"http:\/\/papier.papiere.de\/?page_id=194\">Weiterlesen <span class=\"meta-nav\">&rarr;<\/span><\/a><\/p>\n","protected":false},"author":1,"featured_media":0,"parent":52,"menu_order":0,"comment_status":"closed","ping_status":"open","template":"","meta":[],"_links":{"self":[{"href":"http:\/\/papier.papiere.de\/index.php?rest_route=\/wp\/v2\/pages\/194"}],"collection":[{"href":"http:\/\/papier.papiere.de\/index.php?rest_route=\/wp\/v2\/pages"}],"about":[{"href":"http:\/\/papier.papiere.de\/index.php?rest_route=\/wp\/v2\/types\/page"}],"author":[{"embeddable":true,"href":"http:\/\/papier.papiere.de\/index.php?rest_route=\/wp\/v2\/users\/1"}],"replies":[{"embeddable":true,"href":"http:\/\/papier.papiere.de\/index.php?rest_route=%2Fwp%2Fv2%2Fcomments&post=194"}],"version-history":[{"count":4,"href":"http:\/\/papier.papiere.de\/index.php?rest_route=\/wp\/v2\/pages\/194\/revisions"}],"predecessor-version":[{"id":837,"href":"http:\/\/papier.papiere.de\/index.php?rest_route=\/wp\/v2\/pages\/194\/revisions\/837"}],"up":[{"embeddable":true,"href":"http:\/\/papier.papiere.de\/index.php?rest_route=\/wp\/v2\/pages\/52"}],"wp:attachment":[{"href":"http:\/\/papier.papiere.de\/index.php?rest_route=%2Fwp%2Fv2%2Fmedia&parent=194"}],"curies":[{"name":"wp","href":"https:\/\/api.w.org\/{rel}","templated":true}]}}