{"id":197,"date":"2014-01-14T13:07:18","date_gmt":"2014-01-14T13:07:18","guid":{"rendered":"http:\/\/papiere.lkz.bplaced.net\/?page_id=197"},"modified":"2015-12-09T15:13:56","modified_gmt":"2015-12-09T15:13:56","slug":"gestrichenes-inkjet-papier-einfach-gestrichen","status":"publish","type":"page","link":"http:\/\/papier.papiere.de\/?page_id=197","title":{"rendered":"Gestrichenes Inkjet-Papier (einfach gestrichen)"},"content":{"rendered":"<h1>Beschichtete Plotterpapiere<\/h1>\n<p style=\"padding-left: 30px;\"><span style=\"color: #000000;\"><a title=\"Gepudertes Inkjet-Papier\" href=\"http:\/\/papier.papiere.de\/?page_id=194\"><span style=\"color: #000000;\">Gepudertes Inkjet-Papier<\/span><\/a><\/span><br \/>\n<em><strong><span style=\"color: #000000;\"> <a title=\"Gestrichenes Inkjet-Papier (einfach gestrichen)\" href=\"http:\/\/papier.papiere.de\/?page_id=197\"><span style=\"color: #000000;\">Gestrichenes Inkjet-Papier (einfach gestrichen)<\/span><\/a><\/span><\/strong><\/em><br \/>\n<span style=\"color: #000000;\"> <a title=\"Gestrichenes Inkjet-Papier 90gr. (doppelseitig gestrichen)\" href=\"http:\/\/papier.papiere.de\/?page_id=200\"><span style=\"color: #000000;\">Gestrichenes Inkjet-Papier 90gr. (doppelseitig gestrichen)<\/span><\/a><\/span><br \/>\n<span style=\"color: #000000;\"> <a title=\"Gestrichenes Inkjet-Papier (hochaufl\u00f6send) 105gr.\" href=\"http:\/\/papier.papiere.de\/?page_id=203\"><span style=\"color: #000000;\">Gestrichenes Inkjet-Papier (hochaufl\u00f6send) 105gr.<\/span><\/a><\/span><br \/>\n<span style=\"color: #000000;\"> <a title=\"Schweres gestrichenes Inkjet-Papier 120gr.\" href=\"http:\/\/papier.papiere.de\/?page_id=207\"><span style=\"color: #000000;\">Schweres gestrichenes Inkjet-Papier 120gr.<\/span><\/a><\/span><br \/>\n<span style=\"color: #000000;\"> <a title=\"Schweres gestrichenes Inkjet-Papier 135gr.\" href=\"http:\/\/papier.papiere.de\/?page_id=210\"><span style=\"color: #000000;\">Schweres gestrichenes Inkjet-Papier 135gr.<\/span><\/a><\/span><br \/>\n<span style=\"color: #000000;\"> <a title=\"Schweres gestrichenes Papier 170gr. (Posterpapier)\" href=\"http:\/\/papier.papiere.de\/?page_id=213\"><span style=\"color: #000000;\">Schweres gestrichenes Papier 170gr. (Posterpapier)<\/span><\/a><\/span><\/p>\n<h2><\/h2>\n<h2>Gestrichenes Inkjet-Papier (einfach gestrichen)<\/h2>\n<p>einseitig gestrichen-wei\u00df f\u00fcr CAD-Farbfl\u00e4chenplots, hohe Aufl\u00f6sung, gute Tintentrocknung sind optimal gew\u00e4hrleistet.<\/p>\n<table border=\"0\">\n<tbody>\n<tr>\n<th bgcolor=\"#ccc\">Gewicht<\/th>\n<th bgcolor=\"#ccc\">Format\/Norm<\/th>\n<th bgcolor=\"#ccc\">Breite (cm)<\/th>\n<th bgcolor=\"#ccc\">L\u00e4nge\/RII. (m)<\/th>\n<th bgcolor=\"#ccc\">Best-Nr.<\/th>\n<\/tr>\n<tr bgcolor=\"#99CCFF\">\n<td>90g<\/td>\n<td>36&#8243;<\/td>\n<td>91,4<\/td>\n<td>45<\/td>\n<td>43904592<\/td>\n<\/tr>\n<\/tbody>\n<\/table>\n<p>&nbsp;<\/p>\n<p>&nbsp;<\/p>\n","protected":false},"excerpt":{"rendered":"<p>Beschichtete Plotterpapiere Gepudertes Inkjet-Papier Gestrichenes Inkjet-Papier (einfach gestrichen) Gestrichenes Inkjet-Papier 90gr. (doppelseitig gestrichen) Gestrichenes Inkjet-Papier (hochaufl\u00f6send) 105gr. Schweres gestrichenes Inkjet-Papier 120gr. Schweres gestrichenes Inkjet-Papier 135gr. Schweres gestrichenes Papier 170gr. (Posterpapier) Gestrichenes Inkjet-Papier (einfach gestrichen) einseitig gestrichen-wei\u00df f\u00fcr CAD-Farbfl\u00e4chenplots, hohe Aufl\u00f6sung, &hellip; <a href=\"http:\/\/papier.papiere.de\/?page_id=197\">Weiterlesen <span class=\"meta-nav\">&rarr;<\/span><\/a><\/p>\n","protected":false},"author":1,"featured_media":0,"parent":52,"menu_order":0,"comment_status":"closed","ping_status":"open","template":"","meta":[],"_links":{"self":[{"href":"http:\/\/papier.papiere.de\/index.php?rest_route=\/wp\/v2\/pages\/197"}],"collection":[{"href":"http:\/\/papier.papiere.de\/index.php?rest_route=\/wp\/v2\/pages"}],"about":[{"href":"http:\/\/papier.papiere.de\/index.php?rest_route=\/wp\/v2\/types\/page"}],"author":[{"embeddable":true,"href":"http:\/\/papier.papiere.de\/index.php?rest_route=\/wp\/v2\/users\/1"}],"replies":[{"embeddable":true,"href":"http:\/\/papier.papiere.de\/index.php?rest_route=%2Fwp%2Fv2%2Fcomments&post=197"}],"version-history":[{"count":2,"href":"http:\/\/papier.papiere.de\/index.php?rest_route=\/wp\/v2\/pages\/197\/revisions"}],"predecessor-version":[{"id":839,"href":"http:\/\/papier.papiere.de\/index.php?rest_route=\/wp\/v2\/pages\/197\/revisions\/839"}],"up":[{"embeddable":true,"href":"http:\/\/papier.papiere.de\/index.php?rest_route=\/wp\/v2\/pages\/52"}],"wp:attachment":[{"href":"http:\/\/papier.papiere.de\/index.php?rest_route=%2Fwp%2Fv2%2Fmedia&parent=197"}],"curies":[{"name":"wp","href":"https:\/\/api.w.org\/{rel}","templated":true}]}}