{"id":200,"date":"2014-01-14T13:08:07","date_gmt":"2014-01-14T13:08:07","guid":{"rendered":"http:\/\/papiere.lkz.bplaced.net\/?page_id=200"},"modified":"2020-02-18T07:49:06","modified_gmt":"2020-02-18T07:49:06","slug":"200-2","status":"publish","type":"page","link":"http:\/\/papier.papiere.de\/?page_id=200","title":{"rendered":"Gestrichenes Inkjet-Papier 90gr. (doppelseitig gestrichen)"},"content":{"rendered":"<h1>Beschichtete Plotterpapiere<\/h1>\n<p style=\"padding-left: 30px;\"><span style=\"color: #000000;\"><a title=\"Gepudertes Inkjet-Papier\" href=\"http:\/\/papier.papiere.de\/?page_id=194\"><span style=\"color: #000000;\">Gepudertes Inkjet-Papier<\/span><\/a><\/span><br \/>\n<span style=\"color: #000000;\"> <a title=\"Gestrichenes Inkjet-Papier (einfach gestrichen)\" href=\"http:\/\/papier.papiere.de\/?page_id=197\"><span style=\"color: #000000;\">Gestrichenes Inkjet-Papier (einfach gestrichen)<\/span><\/a><\/span><br \/>\n<strong><em><span style=\"color: #000000;\"> <a title=\"Gestrichenes Inkjet-Papier 90gr. (doppelseitig gestrichen)\" href=\"http:\/\/papier.papiere.de\/?page_id=200\"><span style=\"color: #000000;\">Gestrichenes Inkjet-Papier 90gr. (doppelseitig gestrichen)<\/span><\/a><\/span><\/em><\/strong><br \/>\n<span style=\"color: #000000;\"> <a title=\"Gestrichenes Inkjet-Papier (hochaufl\u00f6send) 105gr.\" href=\"http:\/\/papier.papiere.de\/?page_id=203\"><span style=\"color: #000000;\">Gestrichenes Inkjet-Papier (hochaufl\u00f6send) 105gr.<\/span><\/a><\/span><br \/>\n<span style=\"color: #000000;\"> <a title=\"Schweres gestrichenes Inkjet-Papier 120gr.\" href=\"http:\/\/papier.papiere.de\/?page_id=207\"><span style=\"color: #000000;\">Schweres gestrichenes Inkjet-Papier 120gr.<\/span><\/a><\/span><br \/>\n<span style=\"color: #000000;\"> <a title=\"Schweres gestrichenes Inkjet-Papier 135gr.\" href=\"http:\/\/papier.papiere.de\/?page_id=210\"><span style=\"color: #000000;\">Schweres gestrichenes Inkjet-Papier 135gr.<\/span><\/a><\/span><br \/>\n<span style=\"color: #000000;\"> <a title=\"Schweres gestrichenes Papier 170gr. (Posterpapier)\" href=\"http:\/\/papier.papiere.de\/?page_id=213\"><span style=\"color: #000000;\">Schweres gestrichenes Papier 170gr. (Posterpapier)<\/span><\/a><\/span><\/p>\n<h1>\u00a0Gestrichenes Inkjet-Papier 90gr. (doppelseitig gestrichen)<\/h1>\n<p>beschichtet, hochwei\u00df f\u00fcr hochwertige CAD-Farbfl\u00e4chenplots, sehr hohe Aufl\u00f6sung, brillante Farberzeugung, schnelle Tintentrocknung; sehr guter Kontrast durch gegl\u00e4ttete Oberfl\u00e4che.<\/p>\n<table border=\"0\">\n<tbody>\n<tr>\n<th bgcolor=\"#ccc\">Gewicht<\/th>\n<th bgcolor=\"#ccc\">Format\/Norm<\/th>\n<th bgcolor=\"#ccc\">Breite (cm)<\/th>\n<th bgcolor=\"#ccc\">L\u00e4nge\/RII. (m)<\/th>\n<th bgcolor=\"#ccc\">Best-Nr.<\/th>\n<\/tr>\n<tr bgcolor=\"#99CCFF\">\n<td>90g<\/td>\n<td><\/td>\n<td>59,4<\/td>\n<td>45,7<\/td>\n<td>42904659<\/td>\n<\/tr>\n<tr bgcolor=\"#CCFFFF\">\n<td>90g<\/td>\n<td>24&#8243;<\/td>\n<td>61,0<\/td>\n<td>45,7<\/td>\n<td>42904661<\/td>\n<\/tr>\n<tr bgcolor=\"#99CCFF\">\n<td>90g<\/td>\n<td>24&#8243;<\/td>\n<td>61,0<\/td>\n<td>90<\/td>\n<td>42909061<\/td>\n<\/tr>\n<tr bgcolor=\"#CCFFFF\">\n<td>90g<\/td>\n<td>24&#8243;<\/td>\n<td>61,0<\/td>\n<td>150<\/td>\n<td>42901561<\/td>\n<\/tr>\n<tr bgcolor=\"#F1f1f1\">\n<td style=\"background-color: #ffffff;\" colspan=\"5\"><\/td>\n<\/tr>\n<tr>\n<th bgcolor=\"#ccc\">Gewicht<\/th>\n<th bgcolor=\"#ccc\">Format\/Norm<\/th>\n<th bgcolor=\"#ccc\">Breite (cm)<\/th>\n<th bgcolor=\"#ccc\">L\u00e4nge\/RII. (m)<\/th>\n<th bgcolor=\"#ccc\">Best-Nr.<\/th>\n<\/tr>\n<tr bgcolor=\"#CCFFFF\">\n<td>90g<\/td>\n<td>36&#8243;<\/td>\n<td>91,4<\/td>\n<td>45,7<\/td>\n<td>42904692<\/td>\n<\/tr>\n<tr bgcolor=\"#99CCFF\">\n<td>90g<\/td>\n<td>36&#8243;<\/td>\n<td>91,4<\/td>\n<td>90<\/td>\n<td>42909092<\/td>\n<\/tr>\n<tr bgcolor=\"#CCFFFF\">\n<td>90g<\/td>\n<td>36&#8243;<\/td>\n<td>91,4<\/td>\n<td>120<\/td>\n<td>42901292<\/td>\n<\/tr>\n<tr bgcolor=\"#99CCFF\">\n<td>90g<\/td>\n<td>36&#8243;<\/td>\n<td>91,4<\/td>\n<td>150<\/td>\n<td>42901592<\/td>\n<\/tr>\n<tr bgcolor=\"#F1f1f1\">\n<td style=\"background-color: #ffffff;\" colspan=\"5\"><\/td>\n<\/tr>\n<tr>\n<th bgcolor=\"#ccc\">Gewicht<\/th>\n<th bgcolor=\"#ccc\">Format\/Norm<\/th>\n<th bgcolor=\"#ccc\">Breite (cm)<\/th>\n<th bgcolor=\"#ccc\">L\u00e4nge\/RII. (m)<\/th>\n<th bgcolor=\"#ccc\">Best-Nr.<\/th>\n<\/tr>\n<tr bgcolor=\"#CCFFFF\">\n<td>90g<\/td>\n<td>42&#8243;<\/td>\n<td>106,7<\/td>\n<td>45,7<\/td>\n<td>42904610<\/td>\n<\/tr>\n<tr bgcolor=\"#99CCFF\">\n<td>90g<\/td>\n<td>42&#8243;<\/td>\n<td>106,7<\/td>\n<td>90<\/td>\n<td>42909010<\/td>\n<\/tr>\n<tr bgcolor=\"#CCFFFF\">\n<td>90g<\/td>\n<td>44&#8243;<\/td>\n<td>111,8<\/td>\n<td>45,7<\/td>\n<td>42904611<\/td>\n<\/tr>\n<tr bgcolor=\"#99CCFF\">\n<td>90g<\/td>\n<td>50&#8243;<\/td>\n<td>127,0<\/td>\n<td>45,7<\/td>\n<td>42904613<\/td>\n<\/tr>\n<tr bgcolor=\"#CCFFFF\">\n<td>90g<\/td>\n<td>54&#8243;<\/td>\n<td>137,2<\/td>\n<td>45,7<\/td>\n<td>42904614<\/td>\n<\/tr>\n<tr bgcolor=\"#99CCFF\">\n<td>90g<\/td>\n<td>60&#8243;<\/td>\n<td>152,4<\/td>\n<td>45,7<\/td>\n<td>42904615<\/td>\n<\/tr>\n<\/tbody>\n<\/table>\n<p><\/p>\n","protected":false},"excerpt":{"rendered":"<p>Beschichtete Plotterpapiere Gepudertes Inkjet-Papier Gestrichenes Inkjet-Papier (einfach gestrichen) Gestrichenes Inkjet-Papier 90gr. (doppelseitig gestrichen) Gestrichenes Inkjet-Papier (hochaufl\u00f6send) 105gr. Schweres gestrichenes Inkjet-Papier 120gr. Schweres gestrichenes Inkjet-Papier 135gr. Schweres gestrichenes Papier 170gr. (Posterpapier) \u00a0Gestrichenes Inkjet-Papier 90gr. (doppelseitig gestrichen) beschichtet, hochwei\u00df f\u00fcr hochwertige CAD-Farbfl\u00e4chenplots, &hellip; <a href=\"http:\/\/papier.papiere.de\/?page_id=200\">Weiterlesen <span class=\"meta-nav\">&rarr;<\/span><\/a><\/p>\n","protected":false},"author":1,"featured_media":0,"parent":52,"menu_order":0,"comment_status":"closed","ping_status":"open","template":"","meta":[],"_links":{"self":[{"href":"http:\/\/papier.papiere.de\/index.php?rest_route=\/wp\/v2\/pages\/200"}],"collection":[{"href":"http:\/\/papier.papiere.de\/index.php?rest_route=\/wp\/v2\/pages"}],"about":[{"href":"http:\/\/papier.papiere.de\/index.php?rest_route=\/wp\/v2\/types\/page"}],"author":[{"embeddable":true,"href":"http:\/\/papier.papiere.de\/index.php?rest_route=\/wp\/v2\/users\/1"}],"replies":[{"embeddable":true,"href":"http:\/\/papier.papiere.de\/index.php?rest_route=%2Fwp%2Fv2%2Fcomments&post=200"}],"version-history":[{"count":6,"href":"http:\/\/papier.papiere.de\/index.php?rest_route=\/wp\/v2\/pages\/200\/revisions"}],"predecessor-version":[{"id":878,"href":"http:\/\/papier.papiere.de\/index.php?rest_route=\/wp\/v2\/pages\/200\/revisions\/878"}],"up":[{"embeddable":true,"href":"http:\/\/papier.papiere.de\/index.php?rest_route=\/wp\/v2\/pages\/52"}],"wp:attachment":[{"href":"http:\/\/papier.papiere.de\/index.php?rest_route=%2Fwp%2Fv2%2Fmedia&parent=200"}],"curies":[{"name":"wp","href":"https:\/\/api.w.org\/{rel}","templated":true}]}}