{"id":203,"date":"2014-01-14T13:08:40","date_gmt":"2014-01-14T13:08:40","guid":{"rendered":"http:\/\/papiere.lkz.bplaced.net\/?page_id=203"},"modified":"2015-12-09T15:14:23","modified_gmt":"2015-12-09T15:14:23","slug":"gestrichenes-inkjet-papier-hochauflosend-105gr","status":"publish","type":"page","link":"http:\/\/papier.papiere.de\/?page_id=203","title":{"rendered":"Gestrichenes Inkjet-Papier (hochaufl\u00f6send) 105gr."},"content":{"rendered":"<h1>Beschichtete Plotterpapiere<\/h1>\n<p style=\"padding-left: 30px;\"><span style=\"color: #000000;\"><a title=\"Gepudertes Inkjet-Papier\" href=\"http:\/\/papier.papiere.de\/?page_id=194\"><span style=\"color: #000000;\">Gepudertes Inkjet-Papier<\/span><\/a><\/span><br \/>\n<span style=\"color: #000000;\"> <a title=\"Gestrichenes Inkjet-Papier (einfach gestrichen)\" href=\"http:\/\/papier.papiere.de\/?page_id=197\"><span style=\"color: #000000;\">Gestrichenes Inkjet-Papier (einfach gestrichen)<\/span><\/a><\/span><br \/>\n<span style=\"color: #000000;\"> <a title=\"Gestrichenes Inkjet-Papier 90gr. (doppelseitig gestrichen)\" href=\"http:\/\/papier.papiere.de\/?page_id=200\"><span style=\"color: #000000;\">Gestrichenes Inkjet-Papier 90gr. (doppelseitig gestrichen)<\/span><\/a><\/span><br \/>\n<em><strong><span style=\"color: #000000;\"> <a title=\"Gestrichenes Inkjet-Papier (hochaufl\u00f6send) 105gr.\" href=\"http:\/\/papier.papiere.de\/?page_id=203\"><span style=\"color: #000000;\">Gestrichenes Inkjet-Papier (hochaufl\u00f6send) 105gr.<\/span><\/a><\/span><\/strong><\/em><br \/>\n<span style=\"color: #000000;\"> <a title=\"Schweres gestrichenes Inkjet-Papier 120gr.\" href=\"http:\/\/papier.papiere.de\/?page_id=207\"><span style=\"color: #000000;\">Schweres gestrichenes Inkjet-Papier 120gr.<\/span><\/a><\/span><br \/>\n<span style=\"color: #000000;\"> <a title=\"Schweres gestrichenes Inkjet-Papier 135gr.\" href=\"http:\/\/papier.papiere.de\/?page_id=210\"><span style=\"color: #000000;\">Schweres gestrichenes Inkjet-Papier 135gr.<\/span><\/a><\/span><br \/>\n<span style=\"color: #000000;\"> <a title=\"Schweres gestrichenes Papier 170gr. (Posterpapier)\" href=\"http:\/\/papier.papiere.de\/?page_id=213\"><span style=\"color: #000000;\">Schweres gestrichenes Papier 170gr. (Posterpapier)<\/span><\/a><\/span><\/p>\n<h2><\/h2>\n<h2>Gestrichenes Inkjet-Papier (hochaufl\u00f6send) 105gr.<\/h2>\n<p>gestrichen, hochwei\u00df f\u00fcr exzellente Pr\u00e4sentationsausgaben; Spezialbeschichtung erm\u00f6glicht brillante Farbwiedergabe; randscharfe und schnelle Trocknung.<\/p>\n<table border=\"0\">\n<tbody>\n<tr>\n<th bgcolor=\"#ccc\">Gewicht<\/th>\n<th bgcolor=\"#ccc\">Format\/Norm<\/th>\n<th bgcolor=\"#ccc\">Breite (cm)<\/th>\n<th bgcolor=\"#ccc\">L\u00e4nge\/RII. (m)<\/th>\n<th bgcolor=\"#ccc\">Best-Nr.<\/th>\n<\/tr>\n<tr bgcolor=\"#99CCFF\">\n<td>105g<\/td>\n<td><\/td>\n<td>42,0<\/td>\n<td>45,7<\/td>\n<td>42104542<\/td>\n<\/tr>\n<tr bgcolor=\"#CCFFFF\">\n<td>105g<\/td>\n<td><\/td>\n<td>45,0<\/td>\n<td>45,7<\/td>\n<td>42104545<\/td>\n<\/tr>\n<tr bgcolor=\"#99CCFF\">\n<td>105g<\/td>\n<td><\/td>\n<td>59,4<\/td>\n<td>45,7<\/td>\n<td>42104659<\/td>\n<\/tr>\n<tr bgcolor=\"#CCFFFF\">\n<td>105g<\/td>\n<td>24&#8243;<\/td>\n<td>61,0<\/td>\n<td>45,7<\/td>\n<td>42104661<\/td>\n<\/tr>\n<tr bgcolor=\"#99CCFF\">\n<td>105g<\/td>\n<td>24&#8243;<\/td>\n<td>61,0<\/td>\n<td>90<\/td>\n<td>42109061<\/td>\n<\/tr>\n<tr bgcolor=\"#CCFFFF\">\n<td>105g<\/td>\n<td><\/td>\n<td>84,1<\/td>\n<td>45,7<\/td>\n<td>42104584<\/td>\n<\/tr>\n<tr bgcolor=\"#99CCFF\">\n<td>105g<\/td>\n<td>36&#8243;<\/td>\n<td>91,4<\/td>\n<td>45,7<\/td>\n<td>42104592<\/td>\n<\/tr>\n<tr bgcolor=\"#CCFFFF\">\n<td>105g<\/td>\n<td>36&#8243;<\/td>\n<td>91,4<\/td>\n<td>90<\/td>\n<td>42109092<\/td>\n<\/tr>\n<tr bgcolor=\"#99CCFF\">\n<td>105g<\/td>\n<td>42&#8243;<\/td>\n<td>106,7<\/td>\n<td>45,7<\/td>\n<td>42104510<\/td>\n<\/tr>\n<tr bgcolor=\"#CCFFFF\">\n<td>105g<\/td>\n<td>42&#8243;<\/td>\n<td>106,7<\/td>\n<td>90<\/td>\n<td>42109010<\/td>\n<\/tr>\n<tr bgcolor=\"#99CCFF\">\n<td>105g<\/td>\n<td>44<\/td>\n<td>111,8<\/td>\n<td>45,7<\/td>\n<td>42104511<\/td>\n<\/tr>\n<tr bgcolor=\"#CCFFFF\">\n<td>105g<\/td>\n<td>54&#8243;<\/td>\n<td>137,2<\/td>\n<td>45,7<\/td>\n<td>40104614<\/td>\n<\/tr>\n<tr bgcolor=\"#99CCFF\">\n<td>105g<\/td>\n<td>60&#8243;<\/td>\n<td>152,4<\/td>\n<td>45,7<\/td>\n<td>40104615<\/td>\n<\/tr>\n<\/tbody>\n<\/table>\n<p><\/p>\n","protected":false},"excerpt":{"rendered":"<p>Beschichtete Plotterpapiere Gepudertes Inkjet-Papier Gestrichenes Inkjet-Papier (einfach gestrichen) Gestrichenes Inkjet-Papier 90gr. (doppelseitig gestrichen) Gestrichenes Inkjet-Papier (hochaufl\u00f6send) 105gr. Schweres gestrichenes Inkjet-Papier 120gr. Schweres gestrichenes Inkjet-Papier 135gr. Schweres gestrichenes Papier 170gr. (Posterpapier) Gestrichenes Inkjet-Papier (hochaufl\u00f6send) 105gr. gestrichen, hochwei\u00df f\u00fcr exzellente Pr\u00e4sentationsausgaben; Spezialbeschichtung &hellip; <a href=\"http:\/\/papier.papiere.de\/?page_id=203\">Weiterlesen <span class=\"meta-nav\">&rarr;<\/span><\/a><\/p>\n","protected":false},"author":1,"featured_media":0,"parent":52,"menu_order":0,"comment_status":"closed","ping_status":"open","template":"","meta":[],"_links":{"self":[{"href":"http:\/\/papier.papiere.de\/index.php?rest_route=\/wp\/v2\/pages\/203"}],"collection":[{"href":"http:\/\/papier.papiere.de\/index.php?rest_route=\/wp\/v2\/pages"}],"about":[{"href":"http:\/\/papier.papiere.de\/index.php?rest_route=\/wp\/v2\/types\/page"}],"author":[{"embeddable":true,"href":"http:\/\/papier.papiere.de\/index.php?rest_route=\/wp\/v2\/users\/1"}],"replies":[{"embeddable":true,"href":"http:\/\/papier.papiere.de\/index.php?rest_route=%2Fwp%2Fv2%2Fcomments&post=203"}],"version-history":[{"count":2,"href":"http:\/\/papier.papiere.de\/index.php?rest_route=\/wp\/v2\/pages\/203\/revisions"}],"predecessor-version":[{"id":841,"href":"http:\/\/papier.papiere.de\/index.php?rest_route=\/wp\/v2\/pages\/203\/revisions\/841"}],"up":[{"embeddable":true,"href":"http:\/\/papier.papiere.de\/index.php?rest_route=\/wp\/v2\/pages\/52"}],"wp:attachment":[{"href":"http:\/\/papier.papiere.de\/index.php?rest_route=%2Fwp%2Fv2%2Fmedia&parent=203"}],"curies":[{"name":"wp","href":"https:\/\/api.w.org\/{rel}","templated":true}]}}