{"id":207,"date":"2014-01-14T13:09:24","date_gmt":"2014-01-14T13:09:24","guid":{"rendered":"http:\/\/papiere.lkz.bplaced.net\/?page_id=207"},"modified":"2015-12-09T15:14:35","modified_gmt":"2015-12-09T15:14:35","slug":"schweres-gestrichenes-inkjet-papier-120gr","status":"publish","type":"page","link":"http:\/\/papier.papiere.de\/?page_id=207","title":{"rendered":"Schweres gestrichenes Inkjet-Papier 120gr."},"content":{"rendered":"<h1>Beschichtete Plotterpapiere<\/h1>\n<p style=\"padding-left: 30px;\"><span style=\"color: #000000;\"><a title=\"Gepudertes Inkjet-Papier\" href=\"http:\/\/papier.papiere.de\/?page_id=194\"><span style=\"color: #000000;\">Gepudertes Inkjet-Papier<\/span><\/a><\/span><br \/>\n<span style=\"color: #000000;\"> <a title=\"Gestrichenes Inkjet-Papier (einfach gestrichen)\" href=\"http:\/\/papier.papiere.de\/?page_id=197\"><span style=\"color: #000000;\">Gestrichenes Inkjet-Papier (einfach gestrichen)<\/span><\/a><\/span><br \/>\n<span style=\"color: #000000;\"> <a title=\"Gestrichenes Inkjet-Papier 90gr. (doppelseitig gestrichen)\" href=\"http:\/\/papier.papiere.de\/?page_id=200\"><span style=\"color: #000000;\">Gestrichenes Inkjet-Papier 90gr. (doppelseitig gestrichen)<\/span><\/a><\/span><br \/>\n<span style=\"color: #000000;\"> <a title=\"Gestrichenes Inkjet-Papier (hochaufl\u00f6send) 105gr.\" href=\"http:\/\/papier.papiere.de\/?page_id=203\"><span style=\"color: #000000;\">Gestrichenes Inkjet-Papier (hochaufl\u00f6send) 105gr.<\/span><\/a><\/span><br \/>\n<em><strong><span style=\"color: #000000;\"> <a title=\"Schweres gestrichenes Inkjet-Papier 120gr.\" href=\"http:\/\/papier.papiere.de\/?page_id=207\"><span style=\"color: #000000;\">Schweres gestrichenes Inkjet-Papier 120gr.<\/span><\/a><\/span><\/strong><\/em><br \/>\n<span style=\"color: #000000;\"> <a title=\"Schweres gestrichenes Inkjet-Papier 135gr.\" href=\"http:\/\/papier.papiere.de\/?page_id=210\"><span style=\"color: #000000;\">Schweres gestrichenes Inkjet-Papier 135gr.<\/span><\/a><\/span><br \/>\n<span style=\"color: #000000;\"> <a title=\"Schweres gestrichenes Papier 170gr. (Posterpapier)\" href=\"http:\/\/papier.papiere.de\/?page_id=213\"><span style=\"color: #000000;\">Schweres gestrichenes Papier 170gr. (Posterpapier)<\/span><\/a><\/span><\/p>\n<h2><\/h2>\n<h2>Schweres gestrichenes Inkjet-Papier 120gr.<\/h2>\n<p>beschichtet, hochwei\u00df f\u00fcr CAD-Farbfl\u00e4chenplots, brillante Farbwiedergabe, erm\u00f6glicht kr\u00e4ftige, leuchtende und wasserfeste Farben bei Aufl\u00f6sungen bis 1440dpi. Durch das h\u00f6here Fl\u00e4chengewicht sind Wellenbildungen bei gro\u00dfem Tintenauftrag ausgeschlossen. Sehr geeignet f\u00fcr Pr\u00e4sentationszwecke. Hinweis: auch in 135gr. lieferbar!<\/p>\n<table border=\"0\">\n<tbody>\n<tr>\n<th style=\"background-color: #cccccc;\">Gewicht<\/th>\n<th style=\"background-color: #cccccc;\">Format\/Norm<\/th>\n<th style=\"background-color: #cccccc;\">Breite (cm)<\/th>\n<th style=\"background-color: #cccccc;\">L\u00e4nge\/RII. (m)<\/th>\n<th style=\"background-color: #cccccc;\">Best-Nr.<\/th>\n<\/tr>\n<tr bgcolor=\"#99CCFF\">\n<td>120g<\/td>\n<td><\/td>\n<td>30,0<\/td>\n<td>35<\/td>\n<td>40123530<\/td>\n<\/tr>\n<tr bgcolor=\"#CCFFFF\">\n<td>120g<\/td>\n<td><\/td>\n<td>32,7<\/td>\n<td>35<\/td>\n<td>40123533<\/td>\n<\/tr>\n<tr bgcolor=\"#99CCFF\">\n<td>120g<\/td>\n<td><\/td>\n<td>42,0<\/td>\n<td>35<\/td>\n<td>40123542<\/td>\n<\/tr>\n<tr bgcolor=\"#CCFFFF\">\n<td>120g<\/td>\n<td><\/td>\n<td>45,0<\/td>\n<td>35<\/td>\n<td>40123545<\/td>\n<\/tr>\n<tr bgcolor=\"#99CCFF\">\n<td>120g<\/td>\n<td><\/td>\n<td>59,4<\/td>\n<td>35<\/td>\n<td>40123559<\/td>\n<\/tr>\n<tr bgcolor=\"#CCFFFF\">\n<td>120g<\/td>\n<td>24&#8243;<\/td>\n<td>61,0<\/td>\n<td>35<\/td>\n<td>40123561<\/td>\n<\/tr>\n<tr bgcolor=\"#99CCFF\">\n<td>120g<\/td>\n<td>36&#8243;<\/td>\n<td>91,4<\/td>\n<td>35<\/td>\n<td>40123592<\/td>\n<\/tr>\n<tr bgcolor=\"#CCFFFF\">\n<td>120g<\/td>\n<td>42&#8243;<\/td>\n<td>106,7<\/td>\n<td>35<\/td>\n<td>40123510<\/td>\n<\/tr>\n<tr bgcolor=\"#99CCFF\">\n<td>120g<\/td>\n<td>44&#8243;<\/td>\n<td>111,8<\/td>\n<td>35<\/td>\n<td>40123512<\/td>\n<\/tr>\n<tr bgcolor=\"#CCFFFF\">\n<td>120g<\/td>\n<td>50&#8243;<\/td>\n<td>127,0<\/td>\n<td>35<\/td>\n<td>40123513<\/td>\n<\/tr>\n<tr bgcolor=\"#99CCFF\">\n<td>120g<\/td>\n<td>54&#8243;<\/td>\n<td>137,2<\/td>\n<td>35<\/td>\n<td>40123514<\/td>\n<\/tr>\n<tr bgcolor=\"#CCFFFF\">\n<td>120g<\/td>\n<td>60&#8243;<\/td>\n<td>152,4<\/td>\n<td>35<\/td>\n<td>40123515<\/td>\n<\/tr>\n<\/tbody>\n<\/table>\n<p><\/p>\n","protected":false},"excerpt":{"rendered":"<p>Beschichtete Plotterpapiere Gepudertes Inkjet-Papier Gestrichenes Inkjet-Papier (einfach gestrichen) Gestrichenes Inkjet-Papier 90gr. (doppelseitig gestrichen) Gestrichenes Inkjet-Papier (hochaufl\u00f6send) 105gr. Schweres gestrichenes Inkjet-Papier 120gr. Schweres gestrichenes Inkjet-Papier 135gr. Schweres gestrichenes Papier 170gr. (Posterpapier) Schweres gestrichenes Inkjet-Papier 120gr. beschichtet, hochwei\u00df f\u00fcr CAD-Farbfl\u00e4chenplots, brillante Farbwiedergabe, &hellip; <a href=\"http:\/\/papier.papiere.de\/?page_id=207\">Weiterlesen <span class=\"meta-nav\">&rarr;<\/span><\/a><\/p>\n","protected":false},"author":1,"featured_media":0,"parent":52,"menu_order":0,"comment_status":"closed","ping_status":"open","template":"","meta":[],"_links":{"self":[{"href":"http:\/\/papier.papiere.de\/index.php?rest_route=\/wp\/v2\/pages\/207"}],"collection":[{"href":"http:\/\/papier.papiere.de\/index.php?rest_route=\/wp\/v2\/pages"}],"about":[{"href":"http:\/\/papier.papiere.de\/index.php?rest_route=\/wp\/v2\/types\/page"}],"author":[{"embeddable":true,"href":"http:\/\/papier.papiere.de\/index.php?rest_route=\/wp\/v2\/users\/1"}],"replies":[{"embeddable":true,"href":"http:\/\/papier.papiere.de\/index.php?rest_route=%2Fwp%2Fv2%2Fcomments&post=207"}],"version-history":[{"count":2,"href":"http:\/\/papier.papiere.de\/index.php?rest_route=\/wp\/v2\/pages\/207\/revisions"}],"predecessor-version":[{"id":842,"href":"http:\/\/papier.papiere.de\/index.php?rest_route=\/wp\/v2\/pages\/207\/revisions\/842"}],"up":[{"embeddable":true,"href":"http:\/\/papier.papiere.de\/index.php?rest_route=\/wp\/v2\/pages\/52"}],"wp:attachment":[{"href":"http:\/\/papier.papiere.de\/index.php?rest_route=%2Fwp%2Fv2%2Fmedia&parent=207"}],"curies":[{"name":"wp","href":"https:\/\/api.w.org\/{rel}","templated":true}]}}