{"id":239,"date":"2014-01-14T14:36:21","date_gmt":"2014-01-14T14:36:21","guid":{"rendered":"http:\/\/papiere.lkz.bplaced.net\/?page_id=239"},"modified":"2014-04-14T13:40:42","modified_gmt":"2014-04-14T13:40:42","slug":"oce-photopapier-hochglanzend","status":"publish","type":"page","link":"http:\/\/papier.papiere.de\/?page_id=239","title":{"rendered":"Fotopapier hochgl\u00e4nzend (glossy)"},"content":{"rendered":"<h1>Fotopapier<\/h1>\n<p style=\"padding-left: 30px;\"><em><strong><span style=\"color: #000000;\"><a title=\"Oc\u00e9 Photopapier hochgl\u00e4nzend\" href=\"http:\/\/papier.papiere.de\/?page_id=239\"><span style=\"color: #000000;\">Fotopapier hochgl\u00e4nzend (glossy)<\/span><\/a><\/span><\/strong><\/em><br \/>\n<span style=\"color: #000000;\"><a title=\"Photopapier semimatt (satin)\" href=\"http:\/\/papier.papiere.de\/?page_id=242\"><span style=\"color: #000000;\">Fotopapier semimatt (satin)<\/span><\/a><\/span><br \/>\n<span style=\"color: #000000;\"><a title=\"schweres Photopapier gl\u00e4nzend\" href=\"http:\/\/papier.papiere.de\/?page_id=245\"><span style=\"color: #000000;\">Schweres Fotopapier gl\u00e4nzend (glossy)<\/span><\/a><\/span><br \/>\n<span style=\"color: #000000;\"><a title=\"schweres Photopapier semimatt (satin)\" href=\"http:\/\/papier.papiere.de\/?page_id=248\"><span style=\"color: #000000;\">Schweres Fotopapier semimatt (satin)<\/span><\/a><\/span><\/p>\n<h2><\/h2>\n<h2>Fotopapier hochgl\u00e4nzend (glossy)<\/h2>\n<p>Quick Dry f\u00fcr fotorealistische Posterdrucke, maximale Farbbrillanz \/ hoher Kontrast \/ sofort trocken (f\u00fcr Dye + Pigmenttinten), ausgezeichnete Laminiereigenschaft.<\/p>\n<table border=\"0\">\n<tbody>\n<tr>\n<th style=\"background-color: #cccccc;\">Gewicht<\/th>\n<th style=\"background-color: #cccccc;\">Format\/Norm<\/th>\n<th style=\"background-color: #cccccc;\">Breite (cm)<\/th>\n<th style=\"background-color: #cccccc;\">L\u00e4nge\/RII. (m)<\/th>\n<th style=\"background-color: #cccccc;\">Best-Nr.<\/th>\n<\/tr>\n<tr bgcolor=\"#99CCFF\">\n<td>190g<\/td>\n<td>24&#8243;<\/td>\n<td>61,0<\/td>\n<td>30<\/td>\n<td>40193061<\/td>\n<\/tr>\n<tr bgcolor=\"#CCFFFF\">\n<td>190g<\/td>\n<td>36&#8243;<\/td>\n<td>91,4<\/td>\n<td>30<\/td>\n<td>40193092<\/td>\n<\/tr>\n<tr bgcolor=\"#99CCFF\">\n<td>190g<\/td>\n<td>42&#8243;<\/td>\n<td>106,7<\/td>\n<td>60<\/td>\n<td>40196010<\/td>\n<\/tr>\n<tr bgcolor=\"#CCFFFF\">\n<td>190g<\/td>\n<td>50&#8243;<\/td>\n<td>127,0<\/td>\n<td>60<\/td>\n<td>40196013<\/td>\n<\/tr>\n<tr bgcolor=\"#99CCFF\">\n<td>190g<\/td>\n<td>60&#8243;<\/td>\n<td>152,4<\/td>\n<td>60<\/td>\n<td>40196015<\/td>\n<\/tr>\n<\/tbody>\n<\/table>\n<p><\/p>\n","protected":false},"excerpt":{"rendered":"<p>Fotopapier Fotopapier hochgl\u00e4nzend (glossy) Fotopapier semimatt (satin) Schweres Fotopapier gl\u00e4nzend (glossy) Schweres Fotopapier semimatt (satin) Fotopapier hochgl\u00e4nzend (glossy) Quick Dry f\u00fcr fotorealistische Posterdrucke, maximale Farbbrillanz \/ hoher Kontrast \/ sofort trocken (f\u00fcr Dye + Pigmenttinten), ausgezeichnete Laminiereigenschaft. Gewicht Format\/Norm Breite &hellip; <a href=\"http:\/\/papier.papiere.de\/?page_id=239\">Weiterlesen <span class=\"meta-nav\">&rarr;<\/span><\/a><\/p>\n","protected":false},"author":1,"featured_media":0,"parent":29,"menu_order":0,"comment_status":"closed","ping_status":"open","template":"","meta":[],"_links":{"self":[{"href":"http:\/\/papier.papiere.de\/index.php?rest_route=\/wp\/v2\/pages\/239"}],"collection":[{"href":"http:\/\/papier.papiere.de\/index.php?rest_route=\/wp\/v2\/pages"}],"about":[{"href":"http:\/\/papier.papiere.de\/index.php?rest_route=\/wp\/v2\/types\/page"}],"author":[{"embeddable":true,"href":"http:\/\/papier.papiere.de\/index.php?rest_route=\/wp\/v2\/users\/1"}],"replies":[{"embeddable":true,"href":"http:\/\/papier.papiere.de\/index.php?rest_route=%2Fwp%2Fv2%2Fcomments&post=239"}],"version-history":[{"count":9,"href":"http:\/\/papier.papiere.de\/index.php?rest_route=\/wp\/v2\/pages\/239\/revisions"}],"predecessor-version":[{"id":790,"href":"http:\/\/papier.papiere.de\/index.php?rest_route=\/wp\/v2\/pages\/239\/revisions\/790"}],"up":[{"embeddable":true,"href":"http:\/\/papier.papiere.de\/index.php?rest_route=\/wp\/v2\/pages\/29"}],"wp:attachment":[{"href":"http:\/\/papier.papiere.de\/index.php?rest_route=%2Fwp%2Fv2%2Fmedia&parent=239"}],"curies":[{"name":"wp","href":"https:\/\/api.w.org\/{rel}","templated":true}]}}