{"id":248,"date":"2014-01-14T14:38:34","date_gmt":"2014-01-14T14:38:34","guid":{"rendered":"http:\/\/papiere.lkz.bplaced.net\/?page_id=248"},"modified":"2014-01-22T16:13:43","modified_gmt":"2014-01-22T16:13:43","slug":"oce-schweres-photopapier-semimatt-satin","status":"publish","type":"page","link":"http:\/\/papier.papiere.de\/?page_id=248","title":{"rendered":"Schweres Fotopapier semimatt (satin)"},"content":{"rendered":"<h1>Fotopapier<\/h1>\n<p style=\"padding-left: 30px;\"><span style=\"color: #000000;\"><a title=\"Oc\u00e9 Photopapier hochgl\u00e4nzend\" href=\"http:\/\/papier.papiere.de\/?page_id=239\"><span style=\"color: #000000;\">Fotopapier hochgl\u00e4nzend (glossy)<\/span><\/a><\/span><br \/>\n<span style=\"color: #000000;\"><a title=\"Oc\u00e9 Photopapier semimatt (satin)\" href=\"http:\/\/papier.papiere.de\/?page_id=242\"><span style=\"color: #000000;\">Fotopapier semimatt (satin)<\/span><\/a><\/span><br \/>\n<span style=\"color: #000000;\"><a title=\"Oc\u00e9 schweres Photopapier gl\u00e4nzend\" href=\"http:\/\/papier.papiere.de\/?page_id=245\"><span style=\"color: #000000;\">Schweres Fotopapier hochgl\u00e4nzend (glossy)<\/span><\/a><\/span><br \/>\n<em><strong><span style=\"color: #000000;\"><a title=\"Oc\u00e9 schweres Photopapier semimatt (satin)\" href=\"http:\/\/papier.papiere.de\/?page_id=248\"><span style=\"color: #000000;\">Schweres Fotopapier semimatt (satin)<\/span><\/a><\/span><\/strong><\/em><\/p>\n<h2><\/h2>\n<h2>Schweres Fotopapier semimatt (satin)<\/h2>\n<p>f\u00fcr Pr\u00e4sentationsausgaben von 3D-Grafiken, Fotos etc. mit beeindruckender Farbbrillanz und Tiefensch\u00e4rfe, hoher Aufl\u00f6sung und schneller Trockenzeit.<\/p>\n<table border=\"0\">\n<tbody>\n<tr>\n<th style=\"background-color: #cccccc;\">Gewicht<\/th>\n<th style=\"background-color: #cccccc;\">Format\/Norm<\/th>\n<th style=\"background-color: #cccccc;\">Breite (cm)<\/th>\n<th style=\"background-color: #cccccc;\">L\u00e4nge\/RII. (m)<\/th>\n<th style=\"background-color: #cccccc;\">Best-Nr.<\/th>\n<\/tr>\n<tr bgcolor=\"#99CCFF\">\n<td>260g<\/td>\n<td>24&#8243;<\/td>\n<td>61,0<\/td>\n<td>30<\/td>\n<td>238221253<\/td>\n<\/tr>\n<tr bgcolor=\"#CCFFFF\">\n<td>235g<\/td>\n<td>36&#8243;<\/td>\n<td>91,4<\/td>\n<td>30<\/td>\n<td>q8921a<\/td>\n<\/tr>\n<tr bgcolor=\"#99CCFF\">\n<td>260g<\/td>\n<td>36&#8243;<\/td>\n<td>91,4<\/td>\n<td>30<\/td>\n<td>40283092<\/td>\n<\/tr>\n<tr bgcolor=\"#CCFFFF\">\n<td>235g<\/td>\n<td>42&#8243;<\/td>\n<td>106,7<\/td>\n<td>30<\/td>\n<td>q8922a<\/td>\n<\/tr>\n<tr bgcolor=\"#99CCFF\">\n<td>260g<\/td>\n<td>60&#8243;<\/td>\n<td>152,4<\/td>\n<td>30<\/td>\n<td>40283015<\/td>\n<\/tr>\n<\/tbody>\n<\/table>\n<p>&nbsp;<\/p>\n","protected":false},"excerpt":{"rendered":"<p>Fotopapier Fotopapier hochgl\u00e4nzend (glossy) Fotopapier semimatt (satin) Schweres Fotopapier hochgl\u00e4nzend (glossy) Schweres Fotopapier semimatt (satin) Schweres Fotopapier semimatt (satin) f\u00fcr Pr\u00e4sentationsausgaben von 3D-Grafiken, Fotos etc. mit beeindruckender Farbbrillanz und Tiefensch\u00e4rfe, hoher Aufl\u00f6sung und schneller Trockenzeit. Gewicht Format\/Norm Breite (cm) L\u00e4nge\/RII. &hellip; <a href=\"http:\/\/papier.papiere.de\/?page_id=248\">Weiterlesen <span class=\"meta-nav\">&rarr;<\/span><\/a><\/p>\n","protected":false},"author":1,"featured_media":0,"parent":29,"menu_order":0,"comment_status":"closed","ping_status":"closed","template":"","meta":[],"_links":{"self":[{"href":"http:\/\/papier.papiere.de\/index.php?rest_route=\/wp\/v2\/pages\/248"}],"collection":[{"href":"http:\/\/papier.papiere.de\/index.php?rest_route=\/wp\/v2\/pages"}],"about":[{"href":"http:\/\/papier.papiere.de\/index.php?rest_route=\/wp\/v2\/types\/page"}],"author":[{"embeddable":true,"href":"http:\/\/papier.papiere.de\/index.php?rest_route=\/wp\/v2\/users\/1"}],"replies":[{"embeddable":true,"href":"http:\/\/papier.papiere.de\/index.php?rest_route=%2Fwp%2Fv2%2Fcomments&post=248"}],"version-history":[{"count":4,"href":"http:\/\/papier.papiere.de\/index.php?rest_route=\/wp\/v2\/pages\/248\/revisions"}],"predecessor-version":[{"id":522,"href":"http:\/\/papier.papiere.de\/index.php?rest_route=\/wp\/v2\/pages\/248\/revisions\/522"}],"up":[{"embeddable":true,"href":"http:\/\/papier.papiere.de\/index.php?rest_route=\/wp\/v2\/pages\/29"}],"wp:attachment":[{"href":"http:\/\/papier.papiere.de\/index.php?rest_route=%2Fwp%2Fv2%2Fmedia&parent=248"}],"curies":[{"name":"wp","href":"https:\/\/api.w.org\/{rel}","templated":true}]}}