{"id":25,"date":"2014-01-09T11:15:57","date_gmt":"2014-01-09T11:15:57","guid":{"rendered":"http:\/\/papiere.lkz.bplaced.net\/?page_id=25"},"modified":"2014-01-30T15:17:27","modified_gmt":"2014-01-30T15:17:27","slug":"kopierrollen","status":"publish","type":"page","link":"http:\/\/papier.papiere.de\/?page_id=25","title":{"rendered":"Kopierrollen"},"content":{"rendered":"<h1>Kopierrollen f\u00fcr Gro\u00dfkopierer und Laserplotter<\/h1>\n<p style=\"padding-left: 30px;\"><span style=\"color: #000000;\"><a title=\"Gro\u00dffl\u00e4chenkopierpapier hochwei\u00df Premium 175m\" href=\"http:\/\/papier.papiere.de\/?page_id=295\"><span style=\"color: #000000;\">Gro\u00dffl\u00e4chenkopierpapier hochwei\u00df Premium 175m<\/span><\/a><\/span><br \/>\n<a title=\"Gro\u00dffl\u00e4chenkopierpapier wei\u00df Speed 100m\" href=\"http:\/\/papier.papiere.de\/?page_id=291\">Gro\u00dffl\u00e4chenkopierpapier wei\u00df 100m<\/a><br \/>\n<a title=\"Gro\u00dffl\u00e4chenkopierpapier wei\u00df Oc\u00e9 Black label 175m\" href=\"http:\/\/papier.papiere.de\/?page_id=301\">Gro\u00dffl\u00e4chenkopierpapier wei\u00df Oc\u00e9 PPC plus 175m<br \/>\n<\/a><a title=\"Gro\u00dffl\u00e4chenkopierpapier wei\u00df Oc\u00e9 Red label 175m\" href=\"http:\/\/papier.papiere.de\/?page_id=299\">Gro\u00dffl\u00e4chenkopierpapier wei\u00df Oc\u00e9 Red label 175m<\/a><br \/>\n<span style=\"color: #000000;\"> <a title=\"Gro\u00dffl\u00e4chenkopierpapier hochwei\u00df Oc\u00e9 Top label 175\" href=\"http:\/\/papier.papiere.de\/?page_id=297\"><span style=\"color: #000000;\">Gro\u00dffl\u00e4chenkopierpapier hochwei\u00df Oc\u00e9 Top label 175<\/span><\/a><\/span>\n<\/p>\n<p><em> Gro\u00dffl\u00e4chenkopierpapiere farbig gerne auf Anfrage!<\/em><\/p>\n","protected":false},"excerpt":{"rendered":"<p>Kopierrollen f\u00fcr Gro\u00dfkopierer und Laserplotter Gro\u00dffl\u00e4chenkopierpapier hochwei\u00df Premium 175m Gro\u00dffl\u00e4chenkopierpapier wei\u00df 100m Gro\u00dffl\u00e4chenkopierpapier wei\u00df Oc\u00e9 PPC plus 175m Gro\u00dffl\u00e4chenkopierpapier wei\u00df Oc\u00e9 Red label 175m Gro\u00dffl\u00e4chenkopierpapier hochwei\u00df Oc\u00e9 Top label 175 Gro\u00dffl\u00e4chenkopierpapiere farbig gerne auf Anfrage!<\/p>\n","protected":false},"author":1,"featured_media":727,"parent":0,"menu_order":7,"comment_status":"closed","ping_status":"closed","template":"","meta":[],"_links":{"self":[{"href":"http:\/\/papier.papiere.de\/index.php?rest_route=\/wp\/v2\/pages\/25"}],"collection":[{"href":"http:\/\/papier.papiere.de\/index.php?rest_route=\/wp\/v2\/pages"}],"about":[{"href":"http:\/\/papier.papiere.de\/index.php?rest_route=\/wp\/v2\/types\/page"}],"author":[{"embeddable":true,"href":"http:\/\/papier.papiere.de\/index.php?rest_route=\/wp\/v2\/users\/1"}],"replies":[{"embeddable":true,"href":"http:\/\/papier.papiere.de\/index.php?rest_route=%2Fwp%2Fv2%2Fcomments&post=25"}],"version-history":[{"count":8,"href":"http:\/\/papier.papiere.de\/index.php?rest_route=\/wp\/v2\/pages\/25\/revisions"}],"predecessor-version":[{"id":644,"href":"http:\/\/papier.papiere.de\/index.php?rest_route=\/wp\/v2\/pages\/25\/revisions\/644"}],"wp:featuredmedia":[{"embeddable":true,"href":"http:\/\/papier.papiere.de\/index.php?rest_route=\/wp\/v2\/media\/727"}],"wp:attachment":[{"href":"http:\/\/papier.papiere.de\/index.php?rest_route=%2Fwp%2Fv2%2Fmedia&parent=25"}],"curies":[{"name":"wp","href":"https:\/\/api.w.org\/{rel}","templated":true}]}}