{"id":262,"date":"2014-01-14T15:05:41","date_gmt":"2014-01-14T15:05:41","guid":{"rendered":"http:\/\/papiere.lkz.bplaced.net\/?page_id=262"},"modified":"2014-01-30T15:05:59","modified_gmt":"2014-01-30T15:05:59","slug":"oce-inkjet-film-weis-glanzend","status":"publish","type":"page","link":"http:\/\/papier.papiere.de\/?page_id=262","title":{"rendered":"Persenning light"},"content":{"rendered":"<h2>Rollen &#8211; Ink-Jet Folien<\/h2>\n<p style=\"padding-left: 30px;\"><span style=\"color: #000000;\"><a title=\"Beidseitig mattierte Polyesterfolie\" href=\"http:\/\/papier.papiere.de\/?page_id=167\"><span style=\"color: #000000;\">Mattierte Polyesterfolie<\/span><\/a><\/span><br \/>\n<span style=\"color: #000000;\"> <a title=\"Glasklare Polyesterfolie\" href=\"http:\/\/papier.papiere.de\/?page_id=172\"><span style=\"color: #000000;\">Glasklare Polyesterfolie<\/span><\/a><\/span><br \/>\n<em><strong><span style=\"color: #000000;\"><a title=\"Persenning light 110gr.\" href=\"http:\/\/papier.papiere.de\/?page_id=262\"><span style=\"color: #000000;\">Persenning light<\/span><\/a><\/span><span style=\"color: #000000;\"><br \/>\n<\/span><\/strong><\/em><span style=\"color: #000000;\"><a title=\"Oc\u00e9 Inkjet Film wei\u00df selbstklebend\" href=\"http:\/\/papier.papiere.de\/?page_id=264\"><span style=\"color: #000000;\">Tyvek<\/span><\/a><br \/>\n<\/span><\/p>\n<h2>Persenning light 110gr.<\/h2>\n<p>feines Aquatex Gewebe mit griffiger Persenning aus Polyestergewebe zur Erstellung von\u00a0 RollUp-Displays und Dekorationen (absolut rei\u00df- und wasserfest f\u00fcr den Au\u00dfenbereich).<\/p>\n<table style=\"width: 100%;\" border=\"0\">\n<tbody>\n<tr>\n<th style=\"background-color: #cccccc;\">Gewicht<\/th>\n<th style=\"background-color: #cccccc;\">Format\/Norm<\/th>\n<th style=\"background-color: #cccccc;\">Breite (cm)<\/th>\n<th style=\"background-color: #cccccc;\">L\u00e4nge\/RII. (m)<\/th>\n<th style=\"background-color: #cccccc;\">Best-Nr.<\/th>\n<\/tr>\n<tr bgcolor=\"#99CCFF\">\n<td>110g<\/td>\n<td>36&#8243;<\/td>\n<td>91,4<\/td>\n<td>45,7<\/td>\n<td>273004434<\/td>\n<\/tr>\n<tr bgcolor=\"#CCFFFF\">\n<td>110g<\/td>\n<td>42&#8243;<\/td>\n<td>106,7<\/td>\n<td>45,7<\/td>\n<td>273004514<\/td>\n<\/tr>\n<tr bgcolor=\"#99CCFF\">\n<td>110g<\/td>\n<td>50&#8243;<\/td>\n<td>127,0<\/td>\n<td>45,7<\/td>\n<td>273004565<\/td>\n<\/tr>\n<tr bgcolor=\"#CCFFFF\">\n<td>110g<\/td>\n<td>60&#8243;<\/td>\n<td>152,4<\/td>\n<td>45,7<\/td>\n<td>273004614<\/td>\n<\/tr>\n<tr>\n<td rowspan=\"\"><\/td>\n<\/tr>\n<\/tbody>\n<\/table>\n<p>&nbsp;<\/p>\n","protected":false},"excerpt":{"rendered":"<p>Rollen &#8211; Ink-Jet Folien Mattierte Polyesterfolie Glasklare Polyesterfolie Persenning light Tyvek Persenning light 110gr. feines Aquatex Gewebe mit griffiger Persenning aus Polyestergewebe zur Erstellung von\u00a0 RollUp-Displays und Dekorationen (absolut rei\u00df- und wasserfest f\u00fcr den Au\u00dfenbereich). Gewicht Format\/Norm Breite (cm) L\u00e4nge\/RII. &hellip; <a href=\"http:\/\/papier.papiere.de\/?page_id=262\">Weiterlesen <span class=\"meta-nav\">&rarr;<\/span><\/a><\/p>\n","protected":false},"author":1,"featured_media":725,"parent":19,"menu_order":0,"comment_status":"closed","ping_status":"open","template":"","meta":[],"_links":{"self":[{"href":"http:\/\/papier.papiere.de\/index.php?rest_route=\/wp\/v2\/pages\/262"}],"collection":[{"href":"http:\/\/papier.papiere.de\/index.php?rest_route=\/wp\/v2\/pages"}],"about":[{"href":"http:\/\/papier.papiere.de\/index.php?rest_route=\/wp\/v2\/types\/page"}],"author":[{"embeddable":true,"href":"http:\/\/papier.papiere.de\/index.php?rest_route=\/wp\/v2\/users\/1"}],"replies":[{"embeddable":true,"href":"http:\/\/papier.papiere.de\/index.php?rest_route=%2Fwp%2Fv2%2Fcomments&post=262"}],"version-history":[{"count":11,"href":"http:\/\/papier.papiere.de\/index.php?rest_route=\/wp\/v2\/pages\/262\/revisions"}],"predecessor-version":[{"id":627,"href":"http:\/\/papier.papiere.de\/index.php?rest_route=\/wp\/v2\/pages\/262\/revisions\/627"}],"up":[{"embeddable":true,"href":"http:\/\/papier.papiere.de\/index.php?rest_route=\/wp\/v2\/pages\/19"}],"wp:featuredmedia":[{"embeddable":true,"href":"http:\/\/papier.papiere.de\/index.php?rest_route=\/wp\/v2\/media\/725"}],"wp:attachment":[{"href":"http:\/\/papier.papiere.de\/index.php?rest_route=%2Fwp%2Fv2%2Fmedia&parent=262"}],"curies":[{"name":"wp","href":"https:\/\/api.w.org\/{rel}","templated":true}]}}