{"id":264,"date":"2014-01-14T15:06:06","date_gmt":"2014-01-14T15:06:06","guid":{"rendered":"http:\/\/papiere.lkz.bplaced.net\/?page_id=264"},"modified":"2014-01-31T08:12:16","modified_gmt":"2014-01-31T08:12:16","slug":"oce-inkjet-film-weis-selbstklebend","status":"publish","type":"page","link":"http:\/\/papier.papiere.de\/?page_id=264","title":{"rendered":"Tyvek"},"content":{"rendered":"<h2>Rollen &#8211; Ink-Jet Folien<\/h2>\n<p style=\"padding-left: 30px;\"><span style=\"color: #000000;\"><a title=\"Beidseitig mattierte Polyesterfolie\" href=\"http:\/\/papier.papiere.de\/?page_id=167\"><span style=\"color: #000000;\">Mattierte Polyesterfolie<\/span><\/a><\/span><br \/>\n<span style=\"color: #000000;\"> <a title=\"Glasklare Polyesterfolie\" href=\"http:\/\/papier.papiere.de\/?page_id=172\"><span style=\"color: #000000;\">Glasklare Polyesterfolie<\/span><\/a><\/span><br \/>\n<span style=\"color: #000000;\"><a title=\"Persenning light 110gr.\" href=\"http:\/\/papier.papiere.de\/?page_id=262\"><span style=\"color: #000000;\">Persenning light<\/span><\/a><\/span><em><strong><span style=\"color: #000000;\"><br \/>\n<\/span><\/strong><strong><span style=\"color: #000000;\"><a title=\"Oc\u00e9 Inkjet Film wei\u00df selbstklebend\" href=\"http:\/\/papier.papiere.de\/?page_id=264\"><span style=\"color: #000000;\">Tyvek<\/span><\/a><\/span><\/strong><\/em><\/p>\n<h2>Tyvek (f\u00fcr Innen- und Au\u00dfenbereich)<\/h2>\n<p>rei\u00df- und wetterfeste Gewebefolie, mit Pigmenttinte bedruckt f\u00fcr Au\u00dfenwerbung ohne Lamination sehr gut UV-stabil, brillante Farbwiedergabe, geeignet auch f\u00fcr PopUp-Displays und Banner.<\/p>\n<table style=\"width: 100%;\" border=\"0\">\n<tbody>\n<tr>\n<th style=\"background-color: #cccccc;\">Gewicht<\/th>\n<th style=\"background-color: #cccccc;\">Format\/Norm<\/th>\n<th style=\"background-color: #cccccc;\">Breite (cm)<\/th>\n<th style=\"background-color: #cccccc;\">L\u00e4nge\/RII. (m)<\/th>\n<th style=\"background-color: #cccccc;\">Best-Nr.<\/th>\n<\/tr>\n<tr bgcolor=\"#99CCFF\">\n<td>105g<\/td>\n<td>36&#8243;<\/td>\n<td>91,4<\/td>\n<td>30<\/td>\n<td>350280<\/td>\n<\/tr>\n<\/tbody>\n<\/table>\n<p><\/p>\n","protected":false},"excerpt":{"rendered":"<p>Rollen &#8211; Ink-Jet Folien Mattierte Polyesterfolie Glasklare Polyesterfolie Persenning light Tyvek Tyvek (f\u00fcr Innen- und Au\u00dfenbereich) rei\u00df- und wetterfeste Gewebefolie, mit Pigmenttinte bedruckt f\u00fcr Au\u00dfenwerbung ohne Lamination sehr gut UV-stabil, brillante Farbwiedergabe, geeignet auch f\u00fcr PopUp-Displays und Banner. Gewicht Format\/Norm &hellip; <a href=\"http:\/\/papier.papiere.de\/?page_id=264\">Weiterlesen <span class=\"meta-nav\">&rarr;<\/span><\/a><\/p>\n","protected":false},"author":1,"featured_media":725,"parent":19,"menu_order":0,"comment_status":"closed","ping_status":"open","template":"","meta":[],"_links":{"self":[{"href":"http:\/\/papier.papiere.de\/index.php?rest_route=\/wp\/v2\/pages\/264"}],"collection":[{"href":"http:\/\/papier.papiere.de\/index.php?rest_route=\/wp\/v2\/pages"}],"about":[{"href":"http:\/\/papier.papiere.de\/index.php?rest_route=\/wp\/v2\/types\/page"}],"author":[{"embeddable":true,"href":"http:\/\/papier.papiere.de\/index.php?rest_route=\/wp\/v2\/users\/1"}],"replies":[{"embeddable":true,"href":"http:\/\/papier.papiere.de\/index.php?rest_route=%2Fwp%2Fv2%2Fcomments&post=264"}],"version-history":[{"count":9,"href":"http:\/\/papier.papiere.de\/index.php?rest_route=\/wp\/v2\/pages\/264\/revisions"}],"predecessor-version":[{"id":658,"href":"http:\/\/papier.papiere.de\/index.php?rest_route=\/wp\/v2\/pages\/264\/revisions\/658"}],"up":[{"embeddable":true,"href":"http:\/\/papier.papiere.de\/index.php?rest_route=\/wp\/v2\/pages\/19"}],"wp:featuredmedia":[{"embeddable":true,"href":"http:\/\/papier.papiere.de\/index.php?rest_route=\/wp\/v2\/media\/725"}],"wp:attachment":[{"href":"http:\/\/papier.papiere.de\/index.php?rest_route=%2Fwp%2Fv2%2Fmedia&parent=264"}],"curies":[{"name":"wp","href":"https:\/\/api.w.org\/{rel}","templated":true}]}}