{"id":297,"date":"2014-01-14T15:34:06","date_gmt":"2014-01-14T15:34:06","guid":{"rendered":"http:\/\/papiere.lkz.bplaced.net\/?page_id=297"},"modified":"2014-01-30T15:20:14","modified_gmt":"2014-01-30T15:20:14","slug":"grosflachenkopierpapier-hochweis-oce-top-label-175","status":"publish","type":"page","link":"http:\/\/papier.papiere.de\/?page_id=297","title":{"rendered":"Gro\u00dffl\u00e4chenkopierpapier hochwei\u00df Oc\u00e9 Top label 175"},"content":{"rendered":"<h1>Kopierrollen f\u00fcr Gro\u00dfkopierer und Laserplotter<\/h1>\n<p style=\"padding-left: 30px;\"><span style=\"color: #000000;\"><a title=\"Gro\u00dffl\u00e4chenkopierpapier hochwei\u00df Premium 175m\" href=\"http:\/\/papier.papiere.de\/?page_id=295\"><span style=\"color: #000000;\">Gro\u00dffl\u00e4chenkopierpapier hochwei\u00df Premium 175m<\/span><\/a><\/span><br \/>\n<a title=\"Gro\u00dffl\u00e4chenkopierpapier wei\u00df Speed 100m\" href=\"http:\/\/papier.papiere.de\/?page_id=291\">Gro\u00dffl\u00e4chenkopierpapier wei\u00df 100m<\/a><br \/>\n<a title=\"Gro\u00dffl\u00e4chenkopierpapier wei\u00df Oc\u00e9 Black label 175m\" href=\"http:\/\/papier.papiere.de\/?page_id=301\">Gro\u00dffl\u00e4chenkopierpapier wei\u00df Oc\u00e9 PPC plus 175m<br \/>\n<\/a><a title=\"Gro\u00dffl\u00e4chenkopierpapier wei\u00df Oc\u00e9 Red label 175m\" href=\"http:\/\/papier.papiere.de\/?page_id=299\">Gro\u00dffl\u00e4chenkopierpapier wei\u00df Oc\u00e9 Red label 175m<\/a><br \/>\n<em><strong><span style=\"color: #000000;\"> <a title=\"Gro\u00dffl\u00e4chenkopierpapier hochwei\u00df Oc\u00e9 Top label 175\" href=\"http:\/\/papier.papiere.de\/?page_id=297\"><span style=\"color: #000000;\">Gro\u00dffl\u00e4chenkopierpapier hochwei\u00df Oc\u00e9 Top label 175<\/span><\/a><\/span><\/strong><\/em><\/p>\n<p><span style=\"color: #000000;\"> <em> Gro\u00dffl\u00e4chenkopierpapiere farbig eingef\u00e4rbt gerne auf Anfrage!<\/em><\/span><\/p>\n<h2><\/h2>\n<h2>Gro\u00dffl\u00e4chenkopierpapier hochwei\u00df Oc\u00e9 Top label 175<\/h2>\n<p>Premium Papier des h\u00f6chsten Qualit\u00e4tsstandards. Hier werden hoher Wei\u00dfegrad, eine glatte Oberfl\u00e4che und Umweltaspekte vereint. Hinweis: auch als 200m Rollen lieferbar!<\/p>\n<table style=\"width: 100%;\" border=\"0\">\n<tbody>\n<tr>\n<th style=\"background-color: #cccccc;\">Gewicht<\/th>\n<th style=\"background-color: #cccccc;\">Format\/Norm<\/th>\n<th style=\"background-color: #cccccc;\">Breite (cm)<\/th>\n<th style=\"background-color: #cccccc;\">L\u00e4nge\/RII. (m)<\/th>\n<th style=\"background-color: #cccccc;\">Best-Nr.<\/th>\n<\/tr>\n<tr bgcolor=\"#99CCFF\">\n<td>75-80g<\/td>\n<td><\/td>\n<td>29,7<\/td>\n<td>175<\/td>\n<td>99671874<\/td>\n<\/tr>\n<tr bgcolor=\"#CCFFFF\">\n<td>75-80g<\/td>\n<td><\/td>\n<td>42,0<\/td>\n<td>175<\/td>\n<td>99671875<\/td>\n<\/tr>\n<tr bgcolor=\"#99CCFF\">\n<td>75-80g<\/td>\n<td><\/td>\n<td>59,4<\/td>\n<td>175<\/td>\n<td>99671876<\/td>\n<\/tr>\n<tr bgcolor=\"#CCFFFF\">\n<td>75-80g<\/td>\n<td><\/td>\n<td>62,0<\/td>\n<td>175<\/td>\n<td>99671844<\/td>\n<\/tr>\n<tr bgcolor=\"#99CCFF\">\n<td>75-80g<\/td>\n<td><\/td>\n<td>84,1<\/td>\n<td>175<\/td>\n<td>99671047<\/td>\n<\/tr>\n<tr bgcolor=\"#CCFFFF\">\n<td>75-80g<\/td>\n<td>36&#8243;<\/td>\n<td>91,4<\/td>\n<td>175<\/td>\n<td>99671401<\/td>\n<\/tr>\n<\/tbody>\n<\/table>\n<p>&nbsp;<\/p>\n","protected":false},"excerpt":{"rendered":"<p>Kopierrollen f\u00fcr Gro\u00dfkopierer und Laserplotter Gro\u00dffl\u00e4chenkopierpapier hochwei\u00df Premium 175m Gro\u00dffl\u00e4chenkopierpapier wei\u00df 100m Gro\u00dffl\u00e4chenkopierpapier wei\u00df Oc\u00e9 PPC plus 175m Gro\u00dffl\u00e4chenkopierpapier wei\u00df Oc\u00e9 Red label 175m Gro\u00dffl\u00e4chenkopierpapier hochwei\u00df Oc\u00e9 Top label 175 Gro\u00dffl\u00e4chenkopierpapiere farbig eingef\u00e4rbt gerne auf Anfrage! Gro\u00dffl\u00e4chenkopierpapier hochwei\u00df Oc\u00e9 Top &hellip; <a href=\"http:\/\/papier.papiere.de\/?page_id=297\">Weiterlesen <span class=\"meta-nav\">&rarr;<\/span><\/a><\/p>\n","protected":false},"author":1,"featured_media":727,"parent":25,"menu_order":0,"comment_status":"closed","ping_status":"open","template":"","meta":[],"_links":{"self":[{"href":"http:\/\/papier.papiere.de\/index.php?rest_route=\/wp\/v2\/pages\/297"}],"collection":[{"href":"http:\/\/papier.papiere.de\/index.php?rest_route=\/wp\/v2\/pages"}],"about":[{"href":"http:\/\/papier.papiere.de\/index.php?rest_route=\/wp\/v2\/types\/page"}],"author":[{"embeddable":true,"href":"http:\/\/papier.papiere.de\/index.php?rest_route=\/wp\/v2\/users\/1"}],"replies":[{"embeddable":true,"href":"http:\/\/papier.papiere.de\/index.php?rest_route=%2Fwp%2Fv2%2Fcomments&post=297"}],"version-history":[{"count":6,"href":"http:\/\/papier.papiere.de\/index.php?rest_route=\/wp\/v2\/pages\/297\/revisions"}],"predecessor-version":[{"id":649,"href":"http:\/\/papier.papiere.de\/index.php?rest_route=\/wp\/v2\/pages\/297\/revisions\/649"}],"up":[{"embeddable":true,"href":"http:\/\/papier.papiere.de\/index.php?rest_route=\/wp\/v2\/pages\/25"}],"wp:featuredmedia":[{"embeddable":true,"href":"http:\/\/papier.papiere.de\/index.php?rest_route=\/wp\/v2\/media\/727"}],"wp:attachment":[{"href":"http:\/\/papier.papiere.de\/index.php?rest_route=%2Fwp%2Fv2%2Fmedia&parent=297"}],"curies":[{"name":"wp","href":"https:\/\/api.w.org\/{rel}","templated":true}]}}