{"id":313,"date":"2014-01-15T07:50:40","date_gmt":"2014-01-15T07:50:40","guid":{"rendered":"http:\/\/papiere.lkz.bplaced.net\/?page_id=313"},"modified":"2015-06-17T06:10:55","modified_gmt":"2015-06-17T06:10:55","slug":"oce-glossy-vinyl-banner-pvc-plane","status":"publish","type":"page","link":"http:\/\/papier.papiere.de\/?page_id=313","title":{"rendered":"Outdoor-Banner (PVC-Plane)"},"content":{"rendered":"<h1>Grafische Rollenpapiere<\/h1>\n<p style=\"padding-left: 30px;\"><em><strong><span style=\"color: #000000;\"><a title=\"Oc\u00e9 Glossy Vinyl Banner (PVC-Plane)\" href=\"http:\/\/papier.papiere.de\/?page_id=313\"><span style=\"color: #000000;\">Outdoor-Banner (PVC-Plane)<\/span><\/a><\/span><\/strong><\/em><br \/>\n<span style=\"color: #000000;\"><a title=\"Oc\u00e9 Artist Grade Canvas (echt Leinwand)\" href=\"http:\/\/papier.papiere.de\/?page_id=317\"><span style=\"color: #000000;\">Canvas (echt Leinwand)<\/span><\/a><\/span><br \/>\n<span style=\"color: #000000;\"> <a title=\"Oc\u00e9 Backlit Film BPA\" href=\"http:\/\/papier.papiere.de\/?page_id=319\"><span style=\"color: #000000;\">Backlit Film<\/span><\/a><\/span><br \/>\n<span style=\"color: #000000;\"> <a title=\"Selbstklebefolien\" href=\"http:\/\/papier.papiere.de\/?page_id=321\"><span style=\"color: #000000;\">Selbstklebefolien<\/span><\/a><\/span><\/p>\n<h2><\/h2>\n<h2>Outdoor-Banner (PVC-Plane)<\/h2>\n<p>Rei\u00df- und wetterfestes Banner in 380my, blickdicht. Mit Pigmenttinte bedruckt f\u00fcr Au\u00dfenwerbung, sehr hohe UV-Stabilit\u00e4t. Brillante Farbwiedergabe. N\u00e4h- und lochbar. Schwer entflammbar B1\/M2.<\/p>\n<table style=\"width: 100%;\" border=\"0\">\n<tbody>\n<tr>\n<th bgcolor=\"#666666\">Gewicht<\/th>\n<th bgcolor=\"#666666\">Format\/Norm<\/th>\n<th bgcolor=\"#666666\">Breite (cm)<\/th>\n<th bgcolor=\"#666666\">L\u00e4nge\/RII. (m)<\/th>\n<th bgcolor=\"#666666\">Best-Nr.<\/th>\n<\/tr>\n<tr bgcolor=\"#99CCFF\">\n<td>380\u00b5m<\/td>\n<td>36&#8243;<\/td>\n<td>91,4<\/td>\n<td>15<\/td>\n<td>957009431<\/td>\n<\/tr>\n<tr bgcolor=\"#CCFFFF\">\n<td>380\u00b5m<\/td>\n<td>42&#8243;<\/td>\n<td>106,7<\/td>\n<td>15<\/td>\n<td>957009511<\/td>\n<\/tr>\n<tr style=\"background-color: #99ccff;\">\n<td>450g<\/td>\n<td>60&#8243;<\/td>\n<td>152,4<\/td>\n<td>25<\/td>\n<td>97303328<\/td>\n<\/tr>\n<\/tbody>\n<\/table>\n<p><\/p>\n","protected":false},"excerpt":{"rendered":"<p>Grafische Rollenpapiere Outdoor-Banner (PVC-Plane) Canvas (echt Leinwand) Backlit Film Selbstklebefolien Outdoor-Banner (PVC-Plane) Rei\u00df- und wetterfestes Banner in 380my, blickdicht. Mit Pigmenttinte bedruckt f\u00fcr Au\u00dfenwerbung, sehr hohe UV-Stabilit\u00e4t. Brillante Farbwiedergabe. N\u00e4h- und lochbar. Schwer entflammbar B1\/M2. Gewicht Format\/Norm Breite (cm) L\u00e4nge\/RII. &hellip; <a href=\"http:\/\/papier.papiere.de\/?page_id=313\">Weiterlesen <span class=\"meta-nav\">&rarr;<\/span><\/a><\/p>\n","protected":false},"author":1,"featured_media":726,"parent":31,"menu_order":0,"comment_status":"closed","ping_status":"open","template":"","meta":[],"_links":{"self":[{"href":"http:\/\/papier.papiere.de\/index.php?rest_route=\/wp\/v2\/pages\/313"}],"collection":[{"href":"http:\/\/papier.papiere.de\/index.php?rest_route=\/wp\/v2\/pages"}],"about":[{"href":"http:\/\/papier.papiere.de\/index.php?rest_route=\/wp\/v2\/types\/page"}],"author":[{"embeddable":true,"href":"http:\/\/papier.papiere.de\/index.php?rest_route=\/wp\/v2\/users\/1"}],"replies":[{"embeddable":true,"href":"http:\/\/papier.papiere.de\/index.php?rest_route=%2Fwp%2Fv2%2Fcomments&post=313"}],"version-history":[{"count":6,"href":"http:\/\/papier.papiere.de\/index.php?rest_route=\/wp\/v2\/pages\/313\/revisions"}],"predecessor-version":[{"id":826,"href":"http:\/\/papier.papiere.de\/index.php?rest_route=\/wp\/v2\/pages\/313\/revisions\/826"}],"up":[{"embeddable":true,"href":"http:\/\/papier.papiere.de\/index.php?rest_route=\/wp\/v2\/pages\/31"}],"wp:featuredmedia":[{"embeddable":true,"href":"http:\/\/papier.papiere.de\/index.php?rest_route=\/wp\/v2\/media\/726"}],"wp:attachment":[{"href":"http:\/\/papier.papiere.de\/index.php?rest_route=%2Fwp%2Fv2%2Fmedia&parent=313"}],"curies":[{"name":"wp","href":"https:\/\/api.w.org\/{rel}","templated":true}]}}