{"id":321,"date":"2014-01-15T07:53:19","date_gmt":"2014-01-15T07:53:19","guid":{"rendered":"http:\/\/papiere.lkz.bplaced.net\/?page_id=321"},"modified":"2015-06-17T06:11:46","modified_gmt":"2015-06-17T06:11:46","slug":"selbstklebefolien","status":"publish","type":"page","link":"http:\/\/papier.papiere.de\/?page_id=321","title":{"rendered":"Selbstklebefolien"},"content":{"rendered":"<h1>Grafische Rollenpapiere<\/h1>\n<p style=\"padding-left: 30px;\"><span style=\"color: #000000;\"><a title=\"Oc\u00e9 Glossy Vinyl Banner (PVC-Plane)\" href=\"http:\/\/papier.papiere.de\/?page_id=313\"><span style=\"color: #000000;\">Outdoor-Banner (PVC-Plane)<\/span><\/a><\/span><br \/>\n<span style=\"color: #000000;\"><a title=\"Oc\u00e9 Artist Grade Canvas (echt Leinwand)\" href=\"http:\/\/papier.papiere.de\/?page_id=317\"><span style=\"color: #000000;\">Canvas (echt Leinwand)<\/span><\/a><\/span><br \/>\n<span style=\"color: #000000;\"> <a title=\"Oc\u00e9 Backlit Film BPA\" href=\"http:\/\/papier.papiere.de\/?page_id=319\"><span style=\"color: #000000;\">Backlit Film<\/span><\/a><\/span><br \/>\n<em><strong><span style=\"color: #000000;\"> <a title=\"Selbstklebefolien\" href=\"http:\/\/papier.papiere.de\/?page_id=321\"><span style=\"color: #000000;\">Selbstklebefolien<\/span><\/a><\/span><\/strong><\/em><\/p>\n<h2><\/h2>\n<h2>Inkjet-Selbstklebefolien wei\u00df-matt<\/h2>\n<p><b>PJ Vinyl Longlife Pro SK<\/b> selbstklebend, flexibles, wei\u00dfes Vinyl mit einer mattierten Schicht, r\u00fcckseitig ein positionierbarer Kleber, extrem wetterfest, kein laminieren erforderlich. Verf\u00fcgt \u00fcber eine mikropor\u00f6se Oberfl\u00e4che<\/p>\n<table style=\"width: 100%;\" border=\"0\">\n<tbody>\n<tr>\n<th bgcolor=\"#666666\">Gewicht<\/th>\n<th bgcolor=\"#666666\">Format\/Norm<\/th>\n<th bgcolor=\"#666666\">Breite (cm)<\/th>\n<th bgcolor=\"#666666\">L\u00e4nge\/RII. (m)<\/th>\n<th bgcolor=\"#666666\">Best-Nr.<\/th>\n<\/tr>\n<tr style=\"background-color: #99ccff;\">\n<td>100\u00b5<\/td>\n<td>24&#8243;<\/td>\n<td>61,0<\/td>\n<td>20<\/td>\n<td>330360<\/td>\n<\/tr>\n<tr bgcolor=\"#CCFFFF\">\n<td>80\u00b5<\/td>\n<td>36&#8243;<\/td>\n<td>91,4<\/td>\n<td>30<\/td>\n<td>25408036019<\/td>\n<\/tr>\n<tr bgcolor=\"#99CCFF\">\n<td>80\u00b5<\/td>\n<td>42&#8243;<\/td>\n<td>106,7<\/td>\n<td>30<\/td>\n<td>25408042019<\/td>\n<\/tr>\n<tr bgcolor=\"#CCFFFF\">\n<td>80\u00b5<\/td>\n<td>44&#8243;<\/td>\n<td>111,8<\/td>\n<td>30<\/td>\n<td>25408044019<\/td>\n<\/tr>\n<tr bgcolor=\"#99CCFF\">\n<td>80\u00b5<\/td>\n<td>50&#8243;<\/td>\n<td>127,0<\/td>\n<td>30<\/td>\n<td>25408050019<\/td>\n<\/tr>\n<tr bgcolor=\"#CCFFFF\">\n<td>80\u00b5<\/td>\n<td>54&#8243;<\/td>\n<td>137,0<\/td>\n<td>30<\/td>\n<td>25408054019<\/td>\n<\/tr>\n<tr bgcolor=\"#99CCFF\">\n<td>80\u00b5<\/td>\n<td>60&#8243;<\/td>\n<td>152,0<\/td>\n<td>30<\/td>\n<td>25408060019<\/td>\n<\/tr>\n<\/tbody>\n<\/table>\n<p><\/p>\n","protected":false},"excerpt":{"rendered":"<p>Grafische Rollenpapiere Outdoor-Banner (PVC-Plane) Canvas (echt Leinwand) Backlit Film Selbstklebefolien Inkjet-Selbstklebefolien wei\u00df-matt PJ Vinyl Longlife Pro SK selbstklebend, flexibles, wei\u00dfes Vinyl mit einer mattierten Schicht, r\u00fcckseitig ein positionierbarer Kleber, extrem wetterfest, kein laminieren erforderlich. Verf\u00fcgt \u00fcber eine mikropor\u00f6se Oberfl\u00e4che Gewicht &hellip; <a href=\"http:\/\/papier.papiere.de\/?page_id=321\">Weiterlesen <span class=\"meta-nav\">&rarr;<\/span><\/a><\/p>\n","protected":false},"author":1,"featured_media":726,"parent":31,"menu_order":0,"comment_status":"closed","ping_status":"open","template":"","meta":[],"_links":{"self":[{"href":"http:\/\/papier.papiere.de\/index.php?rest_route=\/wp\/v2\/pages\/321"}],"collection":[{"href":"http:\/\/papier.papiere.de\/index.php?rest_route=\/wp\/v2\/pages"}],"about":[{"href":"http:\/\/papier.papiere.de\/index.php?rest_route=\/wp\/v2\/types\/page"}],"author":[{"embeddable":true,"href":"http:\/\/papier.papiere.de\/index.php?rest_route=\/wp\/v2\/users\/1"}],"replies":[{"embeddable":true,"href":"http:\/\/papier.papiere.de\/index.php?rest_route=%2Fwp%2Fv2%2Fcomments&post=321"}],"version-history":[{"count":11,"href":"http:\/\/papier.papiere.de\/index.php?rest_route=\/wp\/v2\/pages\/321\/revisions"}],"predecessor-version":[{"id":829,"href":"http:\/\/papier.papiere.de\/index.php?rest_route=\/wp\/v2\/pages\/321\/revisions\/829"}],"up":[{"embeddable":true,"href":"http:\/\/papier.papiere.de\/index.php?rest_route=\/wp\/v2\/pages\/31"}],"wp:featuredmedia":[{"embeddable":true,"href":"http:\/\/papier.papiere.de\/index.php?rest_route=\/wp\/v2\/media\/726"}],"wp:attachment":[{"href":"http:\/\/papier.papiere.de\/index.php?rest_route=%2Fwp%2Fv2%2Fmedia&parent=321"}],"curies":[{"name":"wp","href":"https:\/\/api.w.org\/{rel}","templated":true}]}}