{"id":33,"date":"2014-01-09T11:19:00","date_gmt":"2014-01-09T11:19:00","guid":{"rendered":"http:\/\/papiere.lkz.bplaced.net\/?page_id=33"},"modified":"2014-03-27T10:15:57","modified_gmt":"2014-03-27T10:15:57","slug":"kleinformatige-din-a4-a3","status":"publish","type":"page","link":"http:\/\/papier.papiere.de\/?page_id=33","title":{"rendered":"Tinten und Toner"},"content":{"rendered":"<h1>Tinten und Toner<\/h1>\n<p style=\"padding-left: 30px;\"><span style=\"color: #000000;\"><span style=\"color: #000000;\">Plotterger\u00e4te <strong>aller Fabrikate<br \/>\n<\/strong>Rowe \/ Oc\u00e9 \/ Xerox &#8211; Gro\u00dffl\u00e4chenkopierer<\/span><\/span><br \/>\n<span style=\"color: #000000;\"> <span style=\"color: #000000;\">B\u00fcrodrucker <strong>aller Fabrikate<\/strong><\/span><\/span><br \/>\n<span style=\"color: #000000;\"> <span style=\"color: #000000;\">B\u00fcrokopierer und Faxger\u00e4te <strong>aller Fabrikate<\/strong><\/span><\/span><\/p>\n<p>&nbsp;<\/p>\n<p>&nbsp;<\/p>\n<p>&nbsp;<\/p>\n","protected":false},"excerpt":{"rendered":"<p>Tinten und Toner Plotterger\u00e4te aller Fabrikate Rowe \/ Oc\u00e9 \/ Xerox &#8211; Gro\u00dffl\u00e4chenkopierer B\u00fcrodrucker aller Fabrikate B\u00fcrokopierer und Faxger\u00e4te aller Fabrikate &nbsp; &nbsp; &nbsp;<\/p>\n","protected":false},"author":1,"featured_media":724,"parent":0,"menu_order":11,"comment_status":"closed","ping_status":"closed","template":"","meta":[],"_links":{"self":[{"href":"http:\/\/papier.papiere.de\/index.php?rest_route=\/wp\/v2\/pages\/33"}],"collection":[{"href":"http:\/\/papier.papiere.de\/index.php?rest_route=\/wp\/v2\/pages"}],"about":[{"href":"http:\/\/papier.papiere.de\/index.php?rest_route=\/wp\/v2\/types\/page"}],"author":[{"embeddable":true,"href":"http:\/\/papier.papiere.de\/index.php?rest_route=\/wp\/v2\/users\/1"}],"replies":[{"embeddable":true,"href":"http:\/\/papier.papiere.de\/index.php?rest_route=%2Fwp%2Fv2%2Fcomments&post=33"}],"version-history":[{"count":8,"href":"http:\/\/papier.papiere.de\/index.php?rest_route=\/wp\/v2\/pages\/33\/revisions"}],"predecessor-version":[{"id":788,"href":"http:\/\/papier.papiere.de\/index.php?rest_route=\/wp\/v2\/pages\/33\/revisions\/788"}],"wp:featuredmedia":[{"embeddable":true,"href":"http:\/\/papier.papiere.de\/index.php?rest_route=\/wp\/v2\/media\/724"}],"wp:attachment":[{"href":"http:\/\/papier.papiere.de\/index.php?rest_route=%2Fwp%2Fv2%2Fmedia&parent=33"}],"curies":[{"name":"wp","href":"https:\/\/api.w.org\/{rel}","templated":true}]}}