{"id":392,"date":"2014-01-08T15:22:26","date_gmt":"2014-01-08T15:22:26","guid":{"rendered":"http:\/\/papiere.lkz.bplaced.net\/?page_id=2"},"modified":"2014-04-14T13:43:33","modified_gmt":"2014-04-14T13:43:33","slug":"unbeschichtete-und-beschichtete-rollenware","status":"publish","type":"page","link":"http:\/\/papier.papiere.de\/?page_id=392","title":{"rendered":"Plotterpapiere"},"content":{"rendered":"<h1>Plotterpapiere (unbeschichtet)<\/h1>\n<p style=\"padding-left: 30px;\"><a title=\"Standard-wei\u00dfes Inkjet-Papier 80gr.\" href=\"http:\/\/papier.papiere.de\/?page_id=176\">Standard-wei\u00dfes Inkjet-Papier 80gr.<\/a><br \/>\n<a title=\"Standard-hochwei\u00dfes Inkjet-Papier 85gr.\" href=\"http:\/\/papier.papiere.de\/?page_id=771\">Standard-hochwei\u00dfes Inkjet-Papier 85gr.<\/a><br \/>\n<a title=\"Standard-wei\u00dfes Inkjet-Papier 90gr.\" href=\"http:\/\/papier.papiere.de\/?page_id=178\"> Standard-wei\u00dfes Inkjet-Papier 90gr.<\/a><br \/>\n<a title=\"Standard-hochwei\u00dfes Inkjet-Papier 90gr.\" href=\"http:\/\/papier.papiere.de\/?page_id=180\"> Standard-hochwei\u00dfes Inkjet-Papier 90gr.<\/a><\/p>\n<p>&nbsp;<\/p>\n<h1>Plotterpapiere (beschichtet)<\/h1>\n<p style=\"padding-left: 30px;\"><a title=\"Gepudertes Inkjet-Papier\" href=\"http:\/\/papier.papiere.de\/?page_id=194\">Gepudertes Inkjet-Papier<\/a><br \/>\nG<a title=\"Gestrichenes Inkjet-Papier (einfach gestrichen)\" href=\"http:\/\/papier.papiere.de\/?page_id=197\">estrichenes Inkjet-Papier (einfach gestrichen)<\/a><br \/>\n<a title=\"Gestrichenes Inkjet-Papier 90gr. (doppelseitig gestrichen)\" href=\"http:\/\/papier.papiere.de\/?page_id=200\">Gestrichenes Inkjet-Papier 90gr. (doppelseitig gestrichen)<\/a><br \/>\n<a title=\"Gestrichenes Inkjet-Papier (hochaufl\u00f6send) 105gr.\" href=\"http:\/\/papier.papiere.de\/?page_id=203\">Gestrichenes Inkjet-Papier (hochaufl\u00f6send) 105gr.<\/a><br \/>\n<a title=\"Schweres gestrichenes Inkjet-Papier 120gr.\" href=\"http:\/\/papier.papiere.de\/?page_id=207\">Schweres gestrichenes Inkjet-Papier 120gr.<\/a><br \/>\n<a title=\"Schweres gestrichenes Inkjet-Papier 135gr.\" href=\"http:\/\/papier.papiere.de\/?page_id=210\">Schweres gestrichenes Inkjet-Papier 135gr.<\/a><br \/>\n<a title=\"Schweres gestrichenes Papier 170gr. (Posterpapier)\" href=\"http:\/\/papier.papiere.de\/?page_id=213\"> Schweres gestrichenes Papier 170gr. (Posterpapier)<\/a><\/p>\n<h1>Plotterpapiere (Transparent)<\/h1>\n<p style=\"padding-left: 30px;\"><a title=\"Translucentes Inkjet-Papier (halbtransparent)\" href=\"http:\/\/papier.papiere.de\/?page_id=225\">Translucentes Inkjet-Papier (halbtransparent)<\/a><br \/>\n<a title=\"Hochtransparentes Papier\" href=\"http:\/\/papier.papiere.de\/?page_id=228\"> Hochtransparentes Papier<\/a><\/p>\n<h1>Plotterpapiere (Foto)<\/h1>\n<p style=\"padding-left: 30px;\"><a title=\" Photopapier hochgl\u00e4nzend\" href=\"http:\/\/papier.papiere.de\/?page_id=239\"> Photopapier hochgl\u00e4nzend<\/a><br \/>\n<a title=\"Photopapier semimatt (satin)\" href=\"http:\/\/papier.papiere.de\/?page_id=242\"> Photopapier semimatt (satin)<\/a><br \/>\n<a title=\"schweres Photopapier gl\u00e4nzend\" href=\"http:\/\/papier.papiere.de\/?page_id=245\"> schweres Photopapier gl\u00e4nzend<\/a><br \/>\n<a title=\"schweres Photopapier semimatt (satin)\" href=\"http:\/\/papier.papiere.de\/?page_id=248\"> schweres Photopapier semimatt (satin)<\/a><\/p>\n","protected":false},"excerpt":{"rendered":"<p>Plotterpapiere (unbeschichtet) Standard-wei\u00dfes Inkjet-Papier 80gr. Standard-hochwei\u00dfes Inkjet-Papier 85gr. Standard-wei\u00dfes Inkjet-Papier 90gr. Standard-hochwei\u00dfes Inkjet-Papier 90gr. &nbsp; Plotterpapiere (beschichtet) Gepudertes Inkjet-Papier Gestrichenes Inkjet-Papier (einfach gestrichen) Gestrichenes Inkjet-Papier 90gr. (doppelseitig gestrichen) Gestrichenes Inkjet-Papier (hochaufl\u00f6send) 105gr. Schweres gestrichenes Inkjet-Papier 120gr. Schweres gestrichenes Inkjet-Papier 135gr. &hellip; <a href=\"http:\/\/papier.papiere.de\/?page_id=392\">Weiterlesen <span class=\"meta-nav\">&rarr;<\/span><\/a><\/p>\n","protected":false},"author":1,"featured_media":0,"parent":0,"menu_order":1,"comment_status":"closed","ping_status":"closed","template":"","meta":[],"_links":{"self":[{"href":"http:\/\/papier.papiere.de\/index.php?rest_route=\/wp\/v2\/pages\/392"}],"collection":[{"href":"http:\/\/papier.papiere.de\/index.php?rest_route=\/wp\/v2\/pages"}],"about":[{"href":"http:\/\/papier.papiere.de\/index.php?rest_route=\/wp\/v2\/types\/page"}],"author":[{"embeddable":true,"href":"http:\/\/papier.papiere.de\/index.php?rest_route=\/wp\/v2\/users\/1"}],"replies":[{"embeddable":true,"href":"http:\/\/papier.papiere.de\/index.php?rest_route=%2Fwp%2Fv2%2Fcomments&post=392"}],"version-history":[{"count":12,"href":"http:\/\/papier.papiere.de\/index.php?rest_route=\/wp\/v2\/pages\/392\/revisions"}],"predecessor-version":[{"id":792,"href":"http:\/\/papier.papiere.de\/index.php?rest_route=\/wp\/v2\/pages\/392\/revisions\/792"}],"wp:attachment":[{"href":"http:\/\/papier.papiere.de\/index.php?rest_route=%2Fwp%2Fv2%2Fmedia&parent=392"}],"curies":[{"name":"wp","href":"https:\/\/api.w.org\/{rel}","templated":true}]}}