{"id":50,"date":"2014-01-09T11:26:16","date_gmt":"2014-01-09T11:26:16","guid":{"rendered":"http:\/\/papiere.lkz.bplaced.net\/?page_id=50"},"modified":"2014-06-24T14:55:09","modified_gmt":"2014-06-24T14:55:09","slug":"plotterpaiere-2","status":"publish","type":"page","link":"http:\/\/papier.papiere.de\/?page_id=50","title":{"rendered":"Unbeschichtete  Papiere"},"content":{"rendered":"<h1>Plotterpapiere (unbeschichtet)<\/h1>\n<p style=\"padding-left: 30px;\"><a title=\"Standard-wei\u00dfes Inkjet-Papier 80gr.\" href=\"http:\/\/papier.papiere.de\/?page_id=176\"><span style=\"color: #000000;\"><span style=\"color: #000000;\">Standard-wei\u00dfes Inkjet-Papier 80gr.<\/span><\/span><\/a><br \/>\n<a title=\"Standard-hochwei\u00dfes Inkjet-Papier 85gr.\" href=\"http:\/\/papier.papiere.de\/?page_id=771\">Standard-hochwei\u00dfes Inkjet-Papier 85gr.<\/a><br \/>\n<a title=\"Standard-wei\u00dfes Inkjet-Papier 90gr.\" href=\"http:\/\/papier.papiere.de\/?page_id=178\"><span style=\"color: #000000;\"> <span style=\"color: #000000;\">Standard-wei\u00dfes Inkjet-Papier 90gr.<\/span><\/span><\/a><br \/>\n<span style=\"color: #000000;\"><a title=\"Standard-hochwei\u00dfes Inkjet-Papier 90gr.\" href=\"http:\/\/papier.papiere.de\/?page_id=180\"> <span style=\"color: #000000;\">Standard-hochwei\u00dfes Inkjet-Papier 90gr.<\/span><\/a><\/span><\/p>\n","protected":false},"excerpt":{"rendered":"<p>Plotterpapiere (unbeschichtet) Standard-wei\u00dfes Inkjet-Papier 80gr. Standard-hochwei\u00dfes Inkjet-Papier 85gr. Standard-wei\u00dfes Inkjet-Papier 90gr. Standard-hochwei\u00dfes Inkjet-Papier 90gr.<\/p>\n","protected":false},"author":1,"featured_media":0,"parent":392,"menu_order":2,"comment_status":"closed","ping_status":"closed","template":"","meta":[],"_links":{"self":[{"href":"http:\/\/papier.papiere.de\/index.php?rest_route=\/wp\/v2\/pages\/50"}],"collection":[{"href":"http:\/\/papier.papiere.de\/index.php?rest_route=\/wp\/v2\/pages"}],"about":[{"href":"http:\/\/papier.papiere.de\/index.php?rest_route=\/wp\/v2\/types\/page"}],"author":[{"embeddable":true,"href":"http:\/\/papier.papiere.de\/index.php?rest_route=\/wp\/v2\/users\/1"}],"replies":[{"embeddable":true,"href":"http:\/\/papier.papiere.de\/index.php?rest_route=%2Fwp%2Fv2%2Fcomments&post=50"}],"version-history":[{"count":3,"href":"http:\/\/papier.papiere.de\/index.php?rest_route=\/wp\/v2\/pages\/50\/revisions"}],"predecessor-version":[{"id":818,"href":"http:\/\/papier.papiere.de\/index.php?rest_route=\/wp\/v2\/pages\/50\/revisions\/818"}],"up":[{"embeddable":true,"href":"http:\/\/papier.papiere.de\/index.php?rest_route=\/wp\/v2\/pages\/392"}],"wp:attachment":[{"href":"http:\/\/papier.papiere.de\/index.php?rest_route=%2Fwp%2Fv2%2Fmedia&parent=50"}],"curies":[{"name":"wp","href":"https:\/\/api.w.org\/{rel}","templated":true}]}}