{"id":73,"date":"2014-01-09T11:33:41","date_gmt":"2014-01-09T11:33:41","guid":{"rendered":"http:\/\/papiere.lkz.bplaced.net\/?page_id=73"},"modified":"2022-05-16T06:53:53","modified_gmt":"2022-05-16T06:53:53","slug":"impressum","status":"publish","type":"page","link":"http:\/\/papier.papiere.de\/?page_id=73","title":{"rendered":"Impressum"},"content":{"rendered":"<p><img decoding=\"async\" loading=\"lazy\" class=\"alignright\" style=\"border: 0px none;\" src=\"http:\/\/papiere.de\/images\/Bilder\/fahnen_titel_aug_06.jpg\" alt=\"Fahnen\" width=\"253\" height=\"253\" border=\"0\" \/><\/p>\n<p>LKZ GmbH<\/p>\n<p>Lise-Meitner-Str. 25<br \/>\n74074 Heilbronn Tel. 07131 88850-0<br \/>\nFax 07131 88850-20<br \/>\nE-Mail: info@papiere.de<\/p>\n<p>Internet: www.papiere.de<\/p>\n<p>Gesch\u00e4ftsf\u00fchrer:<\/p>\n<p>Heiko F\u00e4hling<\/p>\n<p>Registergericht:<br \/>\nAmtsgericht Stuttgart<br \/>\nRegisternummer: HRB 106809<\/p>\n<p>Umsatzsteuer-Identifikationsnummer<br \/>\ngem\u00e4\u00df \u00a7 27 a Umsatzsteuergesetz:<br \/>\nDE 198 02 9584<\/p>\n<p>Haftungshinweis:<\/p>\n<p><i>Trotz sorgf\u00e4ltiger inhaltlicher Kontrolle \u00fcbernehmen wir keine Haftung f\u00fcr die Inhalte externer Links.<br \/>\nF\u00fcr den Inhalt der verlinkten Seiten sind ausschlie\u00dflich deren Betreiber verantwortlich.<\/i><\/p>\n<div>\n<h2>Allgemeine Gesch\u00e4ftsbedingungen<\/h2>\n<h4>\u00a7 1 Geltungsbereich<\/h4>\n<ul>\n<li>Wir verkaufen und liefern ausschlie\u00dflich aufgrund nachstehender Gesch\u00e4ftsbedingungen. Abweichende Gesch\u00e4ftsbedingungen haben keine G\u00fcltigkeit.<\/li>\n<li>Auf Besonderheiten, die f\u00fcr einen Kaufmann oder einer ihm in \u00a7 24 des Gesetzes zur Regelung des Rechts der Allgemeinen Gesch\u00e4ftsbedingungen Gleichgestellter Personen, wird besonders hingewiesen (&#8222;kaufm\u00e4nnischer Verkehr&#8220;)<\/li>\n<\/ul>\n<h4>\u00a7 2 Vertragsschluss<\/h4>\n<ul>\n<li>Unser Angebot ist in Preis, Menge und Lieferzeit freibleibend und unverbindlich. Die Bestellung ist ein bindendes Angebot. Wir k\u00f6nnen dieses Angebot nach unserer Wahl innerhalb von 2 Wochen durch Zusendung einer Auftragsbest\u00e4tigung annehmen oder dadurch, dass dem Besteller innerhalb dieser Frist die bestellte Ware zugesandt wird.<\/li>\n<\/ul>\n<h4>\u00a7 3 Preise und Zahlung<\/h4>\n<ul>\n<li>Sofern sich aus der Auftragsbest\u00e4tigung nichts anderes ergibt verstehen sich die Preise in Euro frei Haus.<\/li>\n<li>Unsere Rechnungen sind, sofern sich aus der Auftragsbest\u00e4tigung nichts anderes ergibt, bei Lieferung ohne jeden Abzug zur Zahlung f\u00e4llig. Ger\u00e4t der Besteller in Zahlungsverzug, so sind wir berechtigt, Verzugszinsen in H\u00f6he von 3% \u00fcber dem jeweiligen Diskontsatz der Deutschen Bundesbank sowie, mit Ausnahme der Erstmahnung, eine Mahngeb\u00fchr von EUR 14,00 pro Mahnung zu fordern, sofern nicht einen h\u00f6heren Schaden nachweisen oder der Besteller nicht einen niedrigeren Schaden nachweist.<\/li>\n<li>Wir weisen gem\u00e4\u00df \u00a7 286 Abs. 3 BGB darauf hin, da\u00df der Besteller auch ohne Mahnung automatisch in Verzug ger\u00e4t, wenn der Rechnungsbetrag nicht innerhalb von 30 Tagen nach F\u00e4lligkeit und Zugang der Rechnung bezahlt worden ist.<\/li>\n<li>Werden uns nach Vertragsschluss Umst\u00e4nde bekannt, welche die Kreditw\u00fcrdigkeit des Bestellers in Frage stellen, insbesondere das der Besteller einen Scheck nicht eingel\u00f6st oder seine Zahlung einstellt, so sind wir berechtigt Vorauszahlungen oder Sicherheitsleistungen zu verlangen.<\/li>\n<li>Aufrechnungsrechte (im kaufm\u00e4nnischen Verkehr zus\u00e4tzlich: Zur\u00fcckbehaltungsrechte) stehen dem Besteller nur zu, wenn seine Gegenrechte rechtskr\u00e4ftig festgestellt, unbestritten oder von uns anerkannt sind.<\/li>\n<\/ul>\n<h4>\u00a7 4 Liefer- und Leistungszeit<\/h4>\n<ul>\n<li>Wir bem\u00fchen uns Lieferfristen einzuhalten, jedoch sind Angaben \u00fcber Lieferzeiten unverbindlich, sofern sich aus der Auftragsbest\u00e4tigung nichts anderes ergibt.<\/li>\n<li>Liefer- und Leistungsverz\u00f6gerungen aufgrund h\u00f6herer Gewalt und aufgrund von Ereignissen, die uns die Lieferung wesentlich erschweren oder unm\u00f6glich machen, &#8211; hierzu geh\u00f6ren insbesondere Streik, Aussperrung, beh\u00f6rdliche Anordnung usw., auch wenn sie bei unseren Lieferanten oder deren Unterlieferanten eintreten &#8211; haben wir auch bei verbindlich vereinbarten Fristen und Terminen nicht zu vertreten. Sie berechtigen uns, die Lieferung bzw. die Leistung um die Dauer der Behinderung zuz\u00fcglich einer angemessenen Anlaufzeit hinauszuschieben oder wegen des noch nicht erf\u00fcllten Teils vom Vertrag zur\u00fcckzutreten, wenn die Behinderung l\u00e4nger als 3 Monate dauert.<br \/>\nNach Ablauf der vorerw\u00e4hnten Frist und einer angemessenen Nachfristsetzung ist der Besteller ebenfalls berechtigt, hinsichtlich des noch nicht erf\u00fcllten Teils vom Vertag, zur\u00fcckzutreten. Verl\u00e4ngert sich die Lieferzeit oder werden wir von unseren Verpflichtungen frei, so kann der Besteller hieraus keine Schadenersatzanspr\u00fcche herleiten.<\/li>\n<li>Sofern wir die Nichteinhaltung verbindlich zugesagter Fristen und Termine zu vertreten haben oder uns in Verzug befinden, hat der Besteller Anspruch auf eine Verzugsentsch\u00e4digung in H\u00f6he von 1\/2 % f\u00fcr jede vollendete Woche des Verzugs, insgesamt jedoch h\u00f6chstens bis zu 5% des Rechnungswertes. Dar\u00fcber hinausgehende Anspr\u00fcche sind ausgeschlossen, es sei denn, der Verzug beruht zumindest auf unserer groben Fahrl\u00e4ssigkeit.<\/li>\n<li>Wir sind zu Teillieferungen und Teilleistungen berechtigt.<\/li>\n<\/ul>\n<h4>\u00a7 5 Gefahren\u00fcbergang<\/h4>\n<ul>\n<li>Die Gefahr geht auf den Besteller \u00fcber sobald die Sendung an die den Transport ausf\u00fchrende Person \u00fcbergeben worden ist oder zwecks Versendung unser Lager verlassen hat. Die Sendungen reisen auf Gefahr des Bestellers, auch wenn wir noch andere Leistungen \u00fcbernommen haben, z.B. die Lieferung frei Haus.<\/li>\n<li>Bei durch uns transportversicherten Sendungen leisten wir f\u00fcr Bruch und Verlust w\u00e4hrend des Transports nur Ersatz, wenn uns eine Best\u00e4tigung des Frachtf\u00fchrers vorliegt und uns der Schaden unverz\u00fcglich gemeldet wurde. Wir behalten uns vor, den Originalfrachtbrief mit Abtretungserkl\u00e4rung des Bestellers bzw. eine amtliche Schadensfeststellung zu verlangen.<\/li>\n<\/ul>\n<h4>\u00a7 6 Gew\u00e4hrleistung, R\u00fcgepflicht, Haftungsbeschr\u00e4nkung<\/h4>\n<ul>\n<li>Die Gew\u00e4hrleistungsfrist betr\u00e4gt 6 Monate und beginnt mit dem Datum der Lieferung. Dieselbe Frist gilt auch f\u00fcr Anspr\u00fcche auf Ersatz von Mangelfolgesch\u00e4den, soweit keine Anspr\u00fcche aus unerlaubter Handlung geltend gemacht werden.<\/li>\n<li>Offensichtliche M\u00e4ngel, z. B. hinsichtlich Menge und Beschaffenheit, m\u00fcssen uns jedoch unverz\u00fcglich, sp\u00e4testens innerhalb von 2 Wochen (im kaufm\u00e4nnischen Verkehr: binnen 8 Tagen) nach Lieferung, schriftlich mitgeteilt werden. Die mangelhaften Liefergegenst\u00e4nde sind in dem Zustand, in dem sich im Zeitpunkt der Feststellung des Mangels befinden, zur Besichtigung durch uns bereitzuhalten. Ein Versto\u00df gegen die vorstehenden Verpflichtungen schlie\u00dft jedwede Gew\u00e4hrleistungsanspr\u00fcche uns gegen\u00fcber aus. Nicht offensichtliche M\u00e4ngel k\u00f6nnen jederzeit innerhalb der Gew\u00e4hrleistungsfrist angezeigt werden. Im kaufm\u00e4nnischen Verkehr gilt dies nur bei solchen M\u00e4ngeln, die durch die Wahrnehmung der unverz\u00fcglichen Pr\u00fcfungs- und R\u00fcgepflicht nach \u00a7\u00a7 377, 378 HGB nicht erkennbar waren.<\/li>\n<li>Ist der Liefergegenstand mangelhaft oder fehlen ihm zugesicherte Eigenschaften, steht uns das Recht auf Ersatzlieferung zu. Zul\u00e4ssig sind bis zu zwei Ersatzlieferungsversuche; die hiermit verbundenen Aufwendungen tragen wir mit Ausnahme des Mehraufwands, der durch Umst\u00e4nde anf\u00e4llt, die der Besteller zu vertreten hat. (z.B. Versand an einen anderen Ort als den urspr\u00fcnglichen).<\/li>\n<li>Schl\u00e4gt die Ersatzlieferung fehl oder verz\u00f6gert sich diese \u00fcber angemessene Fristen hinaus, so ist der Besteller berechtigt, vom Vertrag zur\u00fcckzutreten oder eine Herabsetzung des Kaufpreises zu verlangen. Weitergehende Anspr\u00fcche des Bestellers, insbesondere Schadensersatzanspr\u00fcche sind ausgeschlossen, soweit der Schaden nicht vors\u00e4tzlich oder grob fahrl\u00e4ssig verursacht wurde. Wir \u00fcbernehmen keine Haftung f\u00fcr Sch\u00e4den, welche in Ansehung des zugrundeliegenden Gesch\u00e4ftsvertrages untypisch sind oder nicht vorhersehbar waren, es sei denn, uns fiele Vorsatz oder grobe Fahrl\u00e4ssigkeit zur Last. Im kaufm\u00e4nnischen ist die Haftung f\u00fcr die vorerw\u00e4hnten Sch\u00e4den auch bei einfacher Fahrl\u00e4ssigkeit ausgeschlossen, es sei denn, der Schaden beruhe auf Vorsatz oder grober Fahrl\u00e4ssigkeit der Gesch\u00e4ftsf\u00fchrung oder leitender Angestellter oder auf schuldhafter Verletzung wesentlicher Vertragspflichten. Die Haftungsbeschr\u00e4nkung gilt nicht f\u00fcr Schadenersatzanspr\u00fcche aus Eigenschaftszusicherungen, wenn die Zusicherung den Besteller gegen Mangelfolgesch\u00e4den absichern soll.<\/li>\n<\/ul>\n<h4>\u00a7 7 Eigentumsvorbehalt<\/h4>\n<ul>\n<li>Bis zum Eingang aller Zahlungen aus diesem Vertrag (im kaufm\u00e4nnischen Verkehr: bis zur Erf\u00fcllung aller, auch Saldo-Forderungen, die uns aus jedem Rechtsgrund jetzt und zuk\u00fcnftig gegen den Besteller zustehen) werden uns folgende Sicherheiten gew\u00e4hrt, die wir auf Verlangen nach unserer Wahl freigeben, soweit Ihr Wert unsere Forderungen nachhaltig um mehr als 20% \u00fcbersteigt.<\/li>\n<li>Wir bleiben Eigent\u00fcmer des Liefergegenstandes. Verpf\u00e4ndung und Sicherungs\u00fcbereignungen sind unzul\u00e4ssig. Bei Zugriffen Dritter auf die Vorbehaltsware, insbesondere Pf\u00e4ndung, wird der Besteller auf unser Eigentum hinweisen und uns unverz\u00fcglich benachrichtigen, damit wir unsere Eigent\u00fcmerrechte durchsetzen k\u00f6nnen. Soweit der Dritte nicht in der Lage ist, uns die in diesem Zusammenhang entstehenden gerichtlichen oder au\u00dfergerichtlichen Kosten zu erstatten, haftet hierf\u00fcr der Besteller. Bei vertragswidrigem Verhalten des Bestellers, insbesondere bei Zahlungsverzug, sind wir berechtigt, die Vorbehaltsware auf Kosten des Bestellers zur\u00fcckzunehmen und ggf. Abtretung der Herausgabeanspr\u00fcche des Bestellers gegen Dritte zu verlangen. In der Zur\u00fccknahme, sowie in der Pf\u00e4ndung der Vorbehaltsware durch uns, liegt kein R\u00fccktritt im Vertrag.<\/li>\n<li>Eine Verarbeitung oder Umbildung der Kaufsache durch den Besteller wird stets f\u00fcr uns vorgenommen. Wird die Kaufsache mit anderen, uns nicht geh\u00f6renden Gegenst\u00e4nden verarbeitet, so erwerben wir das Miteigentum an der neuen Sache im Verh\u00e4ltnis des Wertes der Kaufsache zu den anderen verarbeiteten Gegenst\u00e4nden zur Zeit der Verarbeitung. Wird die Kaufsache mit anderen uns nicht geh\u00f6renden Gegenst\u00e4nden vermischt, so erwerben wir das Miteigentum an der neuen Sache im Verh\u00e4ltnis des Wertes der Kaufsache zu der anderen vermischten Sache im Zeitpunkt der Vermischung. Ist die Sache des Bestellers als Hauptsache anzusehen, so hat der Besteller uns anteilm\u00e4\u00dfig Miteigentum zu \u00fcbertragen.<\/li>\n<li>Der Besteller ist berechtigt, die Vorbehaltsware in ordnungsgem\u00e4\u00dfen Gesch\u00e4ftsverkehr zu ver\u00e4u\u00dfern, solange er nicht in Verzug ist. Die aus dem Weiterverkauf oder einem sonstigen Rechtsgrund (z.B. Versicherung, unerlaubte Handlung) bez\u00fcglich der Vorbehaltsware entstehenden Forderungen tritt der Besteller bereits jetzt sicherheitshalber in vollem Umfang an uns ab. Wir erm\u00e4chtigen den Besteller widerruflich, die an uns abgetretenen Forderungen auf unserer Rechnung im eigenen Namen einzuziehen. Diese Einziehungserm\u00e4chtigung kann widerrufen werden, wenn der Besteller seinen Zahlungsverpflichtungen nicht ordnungsgem\u00e4\u00df nachkommt.<\/li>\n<\/ul>\n<h4>\u00a7 8 Anwendbares Recht, Gerichtsstand, Sonstiges<\/h4>\n<ul>\n<li>F\u00fcr diese Gesch\u00e4ftsbedingungen und die gesamten Rechtsbeziehungen zwischen uns und dem Besteller gilt das Recht der Bundesrepublik Deutschland mit Ausnahme des UN-Kaufrechts.<\/li>\n<li>Im kaufm\u00e4nnischen Verkehr ist ausschlie\u00dflicher Gerichtsstand und Erf\u00fcllungsort f\u00fcr alle sich aus dem Vertragsverh\u00e4ltnis unmittelbar oder mittelbar ergebenden Streitigkeiten unser jeweiliger Gesch\u00e4ftssitz.<\/li>\n<li>Wir speichern Daten im Rahmen unserer Gesch\u00e4ftsbedingungen gem\u00e4\u00df Bundesdatenschutzgesetz (BDSG).<\/li>\n<\/ul>\n<h3>Hinweise zur neuen EU-Datenschutzgrundverordnung (DSGVO) ab 25. Mai 2018:<\/h3>\n<p>Wir erh\u00f6hen die Datensicherheit unserer Kundinnen und Kunden sowie die Rechte des Einzelnen wie folgt:<\/p>\n<ul>\n<li>jede\/r muss seine Einwilligung geben, dass seine Daten von uns erfasst und verarbeitet werden d\u00fcrfen<\/li>\n<\/ul>\n<ul>\n<li>wir erfassen nur Daten, die zur Angebotsabgabe sowie Auftragsabwicklung notwendig sind. Pers\u00f6nliche Daten wie Geburtstage, Familienstand, Hobbys etc. werden nicht gespeichert<\/li>\n<\/ul>\n<ul>\n<li>jede Kundin und jeder Kunde erh\u00e4lt das Recht Auskunft \u00fcber ihre\/seine bei uns gespeicherten Daten zu bekommen<\/li>\n<\/ul>\n<ul>\n<li>gespeicherte Daten werden nach sp\u00e4testens 6 Jahren von uns gel\u00f6scht wenn kein Gesch\u00e4ftskontakt mehr besteht<\/li>\n<\/ul>\n<ul>\n<li>die Sicherheit der Daten wird sowohl von unserer Hard- als auch Software und von den damit umgehenden Menschen gew\u00e4hrleistet<\/li>\n<\/ul>\n<ul>\n<li>unser Unternehmen macht regelm\u00e4\u00dfig eine Risikoabsch\u00e4tzung, um die Folgen einer eventuellen Datenpanne absch\u00e4tzen zu k\u00f6nnen. So k\u00f6nnen im Vorfeld dementsprechend die geeigneten\u00a0\u00a0\u00a0\u00a0 Ma\u00dfnahmen getroffen werden<\/li>\n<\/ul>\n<ul>\n<li>wir nehmen unsere Melde- und Informationspflichten bei Datenpannen sehr ernst: Verletzungen melden wir binnen 72 Stunden nach Bekanntwerden der Verletzung<\/li>\n<\/ul>\n<address><strong><em>Datenschutzbeauftragter in unserem Unternehmen ist Herr Heiko F\u00e4hling<\/em><\/strong><\/address>\n<\/div>\n","protected":false},"excerpt":{"rendered":"<p>LKZ GmbH Lise-Meitner-Str. 25 74074 Heilbronn Tel. 07131 88850-0 Fax 07131 88850-20 E-Mail: info@papiere.de Internet: www.papiere.de Gesch\u00e4ftsf\u00fchrer: Heiko F\u00e4hling Registergericht: Amtsgericht Stuttgart Registernummer: HRB 106809 Umsatzsteuer-Identifikationsnummer gem\u00e4\u00df \u00a7 27 a Umsatzsteuergesetz: DE 198 02 9584 Haftungshinweis: Trotz sorgf\u00e4ltiger inhaltlicher Kontrolle &hellip; <a href=\"http:\/\/papier.papiere.de\/?page_id=73\">Weiterlesen <span class=\"meta-nav\">&rarr;<\/span><\/a><\/p>\n","protected":false},"author":1,"featured_media":696,"parent":36,"menu_order":0,"comment_status":"closed","ping_status":"open","template":"","meta":[],"_links":{"self":[{"href":"http:\/\/papier.papiere.de\/index.php?rest_route=\/wp\/v2\/pages\/73"}],"collection":[{"href":"http:\/\/papier.papiere.de\/index.php?rest_route=\/wp\/v2\/pages"}],"about":[{"href":"http:\/\/papier.papiere.de\/index.php?rest_route=\/wp\/v2\/types\/page"}],"author":[{"embeddable":true,"href":"http:\/\/papier.papiere.de\/index.php?rest_route=\/wp\/v2\/users\/1"}],"replies":[{"embeddable":true,"href":"http:\/\/papier.papiere.de\/index.php?rest_route=%2Fwp%2Fv2%2Fcomments&post=73"}],"version-history":[{"count":23,"href":"http:\/\/papier.papiere.de\/index.php?rest_route=\/wp\/v2\/pages\/73\/revisions"}],"predecessor-version":[{"id":883,"href":"http:\/\/papier.papiere.de\/index.php?rest_route=\/wp\/v2\/pages\/73\/revisions\/883"}],"up":[{"embeddable":true,"href":"http:\/\/papier.papiere.de\/index.php?rest_route=\/wp\/v2\/pages\/36"}],"wp:featuredmedia":[{"embeddable":true,"href":"http:\/\/papier.papiere.de\/index.php?rest_route=\/wp\/v2\/media\/696"}],"wp:attachment":[{"href":"http:\/\/papier.papiere.de\/index.php?rest_route=%2Fwp%2Fv2%2Fmedia&parent=73"}],"curies":[{"name":"wp","href":"https:\/\/api.w.org\/{rel}","templated":true}]}}