{"id":77,"date":"2014-01-09T11:36:24","date_gmt":"2014-01-09T11:36:24","guid":{"rendered":"http:\/\/papiere.lkz.bplaced.net\/?page_id=77"},"modified":"2019-11-21T14:49:16","modified_gmt":"2019-11-21T14:49:16","slug":"wir-uber-uns","status":"publish","type":"page","link":"http:\/\/papier.papiere.de\/?page_id=77","title":{"rendered":"Wir \u00fcber uns"},"content":{"rendered":"<div id=\"wir_txt\">\n<h1>1975<\/h1>\n<p>Gr\u00fcndung der Firma LKZ (Abk\u00fcrzung f\u00fcr <strong>L<\/strong>ichtpaus-<strong>K<\/strong>opier-<strong>Z<\/strong>eichenbedarf) Zun\u00e4chst&nbsp; reiner Handelsbetrieb f\u00fcr Architekten, Ingenieure sowie technische Konstruktionsb\u00fcros im Bereich Nordw\u00fcrttemberg.<\/p>\n<\/div>\n<div id=\"wir_txt\">\n<h1>1994<\/h1>\n<p>Mit Beginn der digitalen Datenverarbeitung wird das Produktsortiment erweitert um Plotterpapiere und Gro\u00dffl\u00e4chenkopierpapiere. Anschaffung eines Gro\u00dfkopierers: Beginn erster Druckdienstleistungen f\u00fcr Architekten und Bauzeichner.<\/p>\n<\/div>\n<div id=\"wir_txt\">\n<h1>1996<\/h1>\n<p>K\u00fcrzer werdende Transportzeiten erm\u00f6glichen eine Ausdehnung des Vertriebsgebietes auf das gesamte Bundesgebiet.<\/p>\n<\/div>\n<div id=\"wir_txt\">\n<h1>1998<\/h1>\n<p>Umzug der Firma vom Wohngebiet in die Innenstadt von Heilbronn in gr\u00f6\u00dfere R\u00e4umlichkeiten. Lagerfl\u00e4che wird verzehnfacht.<\/p>\n<\/div>\n<div id=\"wir_txt\">\n<h1>2000<\/h1>\n<p>Erneuter Umzug in das neu entstandene Gewerbegebiet \u201eSchwabenhof\u201c am s\u00fcdlichen Stadtrand von Heilbronn mit noch gr\u00f6\u00dferen Lager- und Ausstellungsfl\u00e4chen.<\/p>\n<\/div>\n<div id=\"wir_txt\">\n<h1>2001<\/h1>\n<p>Anschaffung mehrerer Farb-Inkjet-Plotterger\u00e4te f\u00fcr Druckdienstleistungen aller Art von technischen CAD-Zeichnungen bis hin zu Kunstdrucken f\u00fcr Werbedienstleister.<\/p>\n<\/div>\n<div id=\"wir_txt\">\n<h1>2002<\/h1>\n<p>Anschaffung von zwei gro\u00dfformatigen Textildruckmaschinen, welche fotorealistische Drucke bis zu einer Breite von 1,80m auf verschiedenartige Stoffe erm\u00f6glichen. Bei den eingesetzten Druckfarben wird von Beginn an auf umweltsch\u00e4digende L\u00f6semittel verzichtet. Die komplette Konfektionierung (inkl. N\u00e4harbeiten, \u00d6sen etc.) wird zeitsparend und professionell direkt in unserem Hause durchgef\u00fchrt.<\/p>\n<\/div>\n<div id=\"wir_txt\">\n<h1>2006<\/h1>\n<p>Mehr Farbe: Ein neuer DIN A0 &#8211; Farbscanner erm\u00f6glicht es, farbige Vorlagen&nbsp; einzuscannen und digital aufzubereiten sowie zu vervielf\u00e4ltigen.<\/p>\n<\/div>\n<div id=\"wir_txt\">\n<h1>2009<\/h1>\n<p>Anschaffung von weiteren gro\u00dfformatigen Textildruckmaschinen mit zertifizierten Umweltsiegeln f\u00fcr noch wirtschaftlicheres und umweltfreundlicheres Drucken.<\/p>\n<\/div>\n<div id=\"wir_txt\">\n<h1>2011<\/h1>\n<p>Der Kauf von zwei 60&#8243; breiten Latex &#8211; Gro\u00dfformatplottern von HP erweitert erneut unser Druckspektrum und garantiert noch l\u00e4ngere UV-Best\u00e4ndigkeit (Herstellergarantie)<\/p>\n<\/div>\n<div id=\"wir_txt\">\n<h1>2012<\/h1>\n<p>Auf Nachfrage vieler Kunden haben wir einen Schneideplotter in Betrieb genommen, mit dem wir f\u00fcr alle Interessenten zus\u00e4tzlich Aufkleber und Etiketten drucken und ausstanzen k\u00f6nnen.<\/p>\n<\/div>\n<div id=\"wir_txt\">\n<h1>2015<\/h1>\n<p style=\"padding-left: 30px;\">Erweiterung des Maschinenparks durch moderne HP Latexdrucker der 3. Generation.<\/p>\n<\/div>\n<p><img decoding=\"async\" loading=\"lazy\" class=\"alignnone\" alt=\"\" src=\"http:\/\/papiere.de\/images\/Mitarbeiter\/lkz_JC.jpg\" width=\"80\" height=\"100\"><img decoding=\"async\" loading=\"lazy\" class=\"alignnone\" alt=\"\" src=\"http:\/\/papiere.de\/images\/Mitarbeiter\/CF001.jpg\" width=\"80\" height=\"100\"><br \/>\n<img decoding=\"async\" loading=\"lazy\" class=\"alignnone\" alt=\"\" src=\"http:\/\/papiere.de\/images\/Mitarbeiter\/AG001.jpg\" width=\"80\" height=\"100\"><img decoding=\"async\" loading=\"lazy\" class=\"alignnone\" alt=\"\" src=\"http:\/\/papiere.de\/images\/Mitarbeiter\/AH001.jpg\" width=\"80\" height=\"100\"><img decoding=\"async\" loading=\"lazy\" class=\"alignnone\" alt=\"\" src=\"http:\/\/papiere.de\/images\/Mitarbeiter\/NW001.jpg\" width=\"80\" height=\"100\"><img decoding=\"async\" loading=\"lazy\" class=\"alignnone\" alt=\"\" src=\"http:\/\/papiere.de\/images\/Mitarbeiter\/JL001.jpg\" width=\"80\" height=\"100\"><img decoding=\"async\" loading=\"lazy\" class=\"alignnone\" alt=\"\" src=\"http:\/\/papiere.de\/images\/Mitarbeiter\/MF001.jpg\" width=\"80\" height=\"100\"><img decoding=\"async\" loading=\"lazy\" class=\"alignnone\" alt=\"\" src=\"http:\/\/papiere.de\/images\/Mitarbeiter\/FSH001.jpg\" width=\"80\" height=\"100\"><\/p>\n","protected":false},"excerpt":{"rendered":"<p>1975 Gr\u00fcndung der Firma LKZ (Abk\u00fcrzung f\u00fcr Lichtpaus-Kopier-Zeichenbedarf) Zun\u00e4chst&nbsp; reiner Handelsbetrieb f\u00fcr Architekten, Ingenieure sowie technische Konstruktionsb\u00fcros im Bereich Nordw\u00fcrttemberg. 1994 Mit Beginn der digitalen Datenverarbeitung wird das Produktsortiment erweitert um Plotterpapiere und Gro\u00dffl\u00e4chenkopierpapiere. Anschaffung eines Gro\u00dfkopierers: Beginn erster Druckdienstleistungen &hellip; <a href=\"http:\/\/papier.papiere.de\/?page_id=77\">Weiterlesen <span class=\"meta-nav\">&rarr;<\/span><\/a><\/p>\n","protected":false},"author":1,"featured_media":696,"parent":36,"menu_order":0,"comment_status":"closed","ping_status":"open","template":"showcase.php","meta":[],"_links":{"self":[{"href":"http:\/\/papier.papiere.de\/index.php?rest_route=\/wp\/v2\/pages\/77"}],"collection":[{"href":"http:\/\/papier.papiere.de\/index.php?rest_route=\/wp\/v2\/pages"}],"about":[{"href":"http:\/\/papier.papiere.de\/index.php?rest_route=\/wp\/v2\/types\/page"}],"author":[{"embeddable":true,"href":"http:\/\/papier.papiere.de\/index.php?rest_route=\/wp\/v2\/users\/1"}],"replies":[{"embeddable":true,"href":"http:\/\/papier.papiere.de\/index.php?rest_route=%2Fwp%2Fv2%2Fcomments&post=77"}],"version-history":[{"count":21,"href":"http:\/\/papier.papiere.de\/index.php?rest_route=\/wp\/v2\/pages\/77\/revisions"}],"predecessor-version":[{"id":868,"href":"http:\/\/papier.papiere.de\/index.php?rest_route=\/wp\/v2\/pages\/77\/revisions\/868"}],"up":[{"embeddable":true,"href":"http:\/\/papier.papiere.de\/index.php?rest_route=\/wp\/v2\/pages\/36"}],"wp:featuredmedia":[{"embeddable":true,"href":"http:\/\/papier.papiere.de\/index.php?rest_route=\/wp\/v2\/media\/696"}],"wp:attachment":[{"href":"http:\/\/papier.papiere.de\/index.php?rest_route=%2Fwp%2Fv2%2Fmedia&parent=77"}],"curies":[{"name":"wp","href":"https:\/\/api.w.org\/{rel}","templated":true}]}}