{"id":771,"date":"2014-03-20T15:18:22","date_gmt":"2014-03-20T15:18:22","guid":{"rendered":"http:\/\/papier.papiere.de\/?page_id=771"},"modified":"2014-03-24T08:32:19","modified_gmt":"2014-03-24T08:32:19","slug":"standard-hochweisses-inkjet-papier-85gr","status":"publish","type":"page","link":"http:\/\/papier.papiere.de\/?page_id=771","title":{"rendered":"Standard-hochwei\u00dfes Inkjet-Papier 85gr."},"content":{"rendered":"<h1>Plotterpapiere (unbeschichtet)<\/h1>\n<p style=\"padding-left: 30px;\"><a title=\"Standard-wei\u00dfes Inkjet-Papier 80gr.\" href=\"http:\/\/papier.papiere.de\/?page_id=176\">Standard-wei\u00dfes Inkjet-Papier 80gr.<\/a><br \/>\n<a title=\"Standard-hochwei\u00dfes Inkjet-Papier 85gr.\" href=\"http:\/\/papier.papiere.de\/?page_id=771\"><em><strong>Standard-hochwei\u00dfes Inkjet-Papier 85gr.<\/strong><\/em><\/a><br \/>\n<a title=\"Standard-wei\u00dfes Inkjet-Papier 90gr.\" href=\"http:\/\/papier.papiere.de\/?page_id=178\"> Standard-wei\u00dfes Inkjet-Papier 90gr.<\/a><br \/>\n<a title=\"Standard-hochwei\u00dfes Inkjet-Papier 90gr.\" href=\"http:\/\/papier.papiere.de\/?page_id=180\"> Standard-hochwei\u00dfes Inkjet-Papier 90gr.<\/a><\/p>\n<p>&nbsp;<\/p>\n<h2><\/h2>\n<h2>Standard-wei\u00dfes Inkjet-Papier 85gr.<\/h2>\n<p>unbeschichtet f\u00fcr s\/w- und Farblinienplots mit hoher Aufl\u00f6sung; schnelle Tintentrocknung und sehr guter Kontrast sind gew\u00e4hrleistet.<\/p>\n<table border=\"0\">\n<tbody>\n<tr>\n<th bgcolor=\"#ccc\">Gewicht<\/th>\n<th bgcolor=\"#ccc\">Format\/Norm<\/th>\n<th bgcolor=\"#ccc\">Breite (cm)<\/th>\n<th bgcolor=\"#ccc\">L\u00e4nge\/RII. (m)<\/th>\n<th bgcolor=\"#ccc\">Best-Nr.<\/th>\n<\/tr>\n<tr bgcolor=\"#99CCFF\">\n<td>85g<\/td>\n<td><\/td>\n<td>61,0<\/td>\n<td>50<\/td>\n<td>406061<\/td>\n<\/tr>\n<tr bgcolor=\"#CCFFFF\">\n<td>85g<\/td>\n<td><\/td>\n<td>61,0<\/td>\n<td>90<\/td>\n<td>40606190<\/td>\n<\/tr>\n<tr bgcolor=\"#99CCFF\">\n<td>85g<\/td>\n<td><\/td>\n<td>91,4<\/td>\n<td>50<\/td>\n<td>406050<\/td>\n<\/tr>\n<tr bgcolor=\"#CCFFFF\">\n<td>85g<\/td>\n<td><\/td>\n<td>91,4<\/td>\n<td>90<\/td>\n<td>406090<\/td>\n<\/tr>\n<\/tbody>\n<\/table>\n<p><\/p>\n","protected":false},"excerpt":{"rendered":"<p>Plotterpapiere (unbeschichtet) Standard-wei\u00dfes Inkjet-Papier 80gr. Standard-hochwei\u00dfes Inkjet-Papier 85gr. Standard-wei\u00dfes Inkjet-Papier 90gr. Standard-hochwei\u00dfes Inkjet-Papier 90gr. &nbsp; Standard-wei\u00dfes Inkjet-Papier 85gr. unbeschichtet f\u00fcr s\/w- und Farblinienplots mit hoher Aufl\u00f6sung; schnelle Tintentrocknung und sehr guter Kontrast sind gew\u00e4hrleistet. Gewicht Format\/Norm Breite (cm) L\u00e4nge\/RII. (m) &hellip; <a href=\"http:\/\/papier.papiere.de\/?page_id=771\">Weiterlesen <span class=\"meta-nav\">&rarr;<\/span><\/a><\/p>\n","protected":false},"author":1,"featured_media":0,"parent":50,"menu_order":0,"comment_status":"closed","ping_status":"closed","template":"","meta":[],"_links":{"self":[{"href":"http:\/\/papier.papiere.de\/index.php?rest_route=\/wp\/v2\/pages\/771"}],"collection":[{"href":"http:\/\/papier.papiere.de\/index.php?rest_route=\/wp\/v2\/pages"}],"about":[{"href":"http:\/\/papier.papiere.de\/index.php?rest_route=\/wp\/v2\/types\/page"}],"author":[{"embeddable":true,"href":"http:\/\/papier.papiere.de\/index.php?rest_route=\/wp\/v2\/users\/1"}],"replies":[{"embeddable":true,"href":"http:\/\/papier.papiere.de\/index.php?rest_route=%2Fwp%2Fv2%2Fcomments&post=771"}],"version-history":[{"count":8,"href":"http:\/\/papier.papiere.de\/index.php?rest_route=\/wp\/v2\/pages\/771\/revisions"}],"predecessor-version":[{"id":786,"href":"http:\/\/papier.papiere.de\/index.php?rest_route=\/wp\/v2\/pages\/771\/revisions\/786"}],"up":[{"embeddable":true,"href":"http:\/\/papier.papiere.de\/index.php?rest_route=\/wp\/v2\/pages\/50"}],"wp:attachment":[{"href":"http:\/\/papier.papiere.de\/index.php?rest_route=%2Fwp%2Fv2%2Fmedia&parent=771"}],"curies":[{"name":"wp","href":"https:\/\/api.w.org\/{rel}","templated":true}]}}